{"id":1800,"date":"2017-03-27T16:18:24","date_gmt":"2017-03-27T16:18:24","guid":{"rendered":"http:\/\/www.teenlifting.com.hr\/?page_id=1800\/"},"modified":"2017-07-14T16:15:22","modified_gmt":"2017-07-14T16:15:22","slug":"ueber-uns","status":"publish","type":"page","link":"https:\/\/mail.bell-stim.com\/de\/ueber-uns\/","title":{"rendered":"\u00dcber uns"},"content":{"rendered":"<div class=\"section-full-width section-light-bg\" style=\"background-color:#f7f7f7;\" id=\"dasteenliftingteam\"><div class=\"section-boxed\" style=\"color:#373737;\"><h2 class=\"section-title\" style=\"color:#252525;\">Das TEENLIFTING Team<\/h2><p><img decoding=\"async\" class=\"img-frame alignleft\" src=\"https:\/\/teenlifting.com.hr\/content\/uploads\/2016\/03\/sanja.jpg\" \/>Dr. Sanja Malba\u0161a Go\u0161ovi\u0107, Allgemeinmedizinerin, Spezialistin der Akupunktur und Kosmetologie, hat 1990 eine Methode unter dem registrierten Markennamen TEENLIFTING\u00ae entwickelt. Auf dem weltweiten Markt ist das eine einzigartige <strong>nat\u00fcrliche Methode zur Stimulation der Muskeln des K\u00f6rpers und im Gesicht gleichzeitig<\/strong>, oder zur Stimulation der gro\u00dfen Muskelgruppen, wozu vor allem die neu geformte Elektroden, aber auch die in einer nicht Standard Methode entstandenen Standardelektroden verwendet werden, um bessere und effizientere Ergebnisse zu erzielen. Das TEENLIFTING\u00ae System ist in Kroatien, der Europ\u00e4ischen Union, China, den Vereinigten Staaten und anderen L\u00e4ndern gesch\u00fctzt.<\/p>\n<p>Unsere langj\u00e4hrigen und treuen Kunden sind der Beweis f\u00fcr den Erfolg und die ausgezeichneten Ergebnisse von TEENLIFTING. Mit dem Ziel das TEENLIFTING System zu erweitern, trotzdem aber hochwertige Dienstleistungen beizubehalten und eine noch bessere Erfolgsgeschichte zu schreiben, wurde 2016 die FRANCHISE TEENLIFTING DES PLATYSMAS gestartet. Es ist uns wichtig, dass TEENLIFTING DES PLATYSMAS nicht nur in den TEENLIFTING Zentren: Belgrad, Ljubljana, Split und Zagreb verf\u00fcgbar ist, sondern auch in anderen kroatischen St\u00e4dten und \u00fcberall auf der Welt.<\/p>\n<p>TEENLIFTING\u00ae Stimulation ist die elektrische Stimulation <strong>der Gesichts- und Halsmuskeln, sowie des K\u00f6rpers und des Beckens<\/strong>. Die Stimulation dient der Bildung und St\u00e4rkung der Muskeln, der Stimulation der Akupunkturpunkte, der Rehabilitation, <strong>Drenaige<\/strong> und verbesserten Blutzirkulation. Auch wird die <strong>Geweberegeneration gef\u00f6rdert, das Gewebe wird geformt, angehoben und in eine Form der tiefen Entspannung versetzt<\/strong>.<\/p>\n<p>&nbsp;<\/p>\n<p>TEENLIFTING\u00ae Ger\u00e4te f\u00fcr die Elektrostimulation, Rehabilitation und Muskelstimulation von Akupunkturpunkten erzielen sehr gute Ergebnisse bei:<\/p>\n<ul style=\"padding-left: 60px;\">\n<li><strong>Kosmetischen Eingriffen<\/strong> (Verj\u00fcngung) der Gesichtsmuskeln und des K\u00f6rpers<\/li>\n<li><strong>Pr\u00e4vention<\/strong> (Erhalten) einer guten Muskelform des Gesichts und K\u00f6rpers bei Sportlern, \u00e4lteren Menschen und anderen Gruppen<\/li>\n<li><strong>Rehabilitation<\/strong> (Behandlung von Migr\u00e4ne, Kopfschmerzen, Sinusitis, Neuralgie, Bell-L\u00e4hmung (n. facial), Myalgie, gesch\u00e4digter peripherer Durchblutung, Kr\u00e4mpfen, Zerebralparese, Muskelatrophie, degenerativer Arthritis der Knie und H\u00fcften, Schmerzen in der Halswirbels\u00e4ule, Inkontinenz, Impotenz, etc.).<\/li>\n<\/ul>\n<p>\n<\/div><\/div>\n<div class=\"section-full-width section-light-bg\" style=\"background-color:#ffffff;\" id=\"missionundvision\"><div class=\"section-boxed\" style=\"color:#373737;\"><h2 class=\"section-title\" style=\"color:#252525;\">Mission und Vision<\/h2><p><strong>Mission:<\/strong> TEENLIFTING ist eine weltbekannte Methode mit \u00f6rtlicher Signatur. Durch st\u00e4ndige Innovation und Verbesserung der Methoden wollen wir die erste Wahl unserer Kunden werden, damit diese mit dieser Methode auf gesunde Art und Weise ein jugendliches Gesicht erhalten. Wir wollen sie begleiten, sowohl aus kosmetischen, als auch aus rehabilitativen Ursachen und Gr\u00fcnden.<\/p>\n<p><strong>Vision:<\/strong> TEENLIFTING ist eine Geschichte \u00fcber Muskel. Wir haben zum Ziel, jede Frau und jeden Mann weltweit davon zu besinnen, dass durch die TEENLIFTING Methode auf gesunde Art und Weise ein einzigartiges Aussehen, Sch\u00f6nheit und Gesundheit erhaltbar sind.<\/p>\n<p>Franchise TEENLIFTING\u00ae ist m\u00f6glich in Kroatien zu erwerben sowie auch im Ausland. Im Moment existieren  <strong>4 Teenlifting Center: <\/strong>in Zagreb, Split, Ljubljana und Belgrad.<\/p>\n<p>\n<\/div><\/div>\n<div class=\"section-full-width section-light-bg\" style=\"background-color:#f7f7f7;\" id=\"unserevertreter\"><div class=\"section-boxed\" style=\"color:#373737;\"><h2 class=\"section-title\" style=\"color:#252525;\">Unsere Vertreter<\/h2><p>Der Erfolg unserer Methode spiegelt sich vor allem in der Zahl unserer langj\u00e4hrigen Kunden, darunter ber\u00fchmte kroatische und ausl\u00e4ndische Pers\u00f6nlichkeiten: Josipa Lisac, Rade Serbedzija, Ana Karic, Tarik Filipovic, Massimo, Nina Violi\u0107, Linda Begonja, Almira Osmanovic, Zdenka Kova\u010di\u0107ek, Ksenija Marinkovic, Vesna Tominac Mata\u010di\u0107, Zarko Savic, Andrej Dojkic, Bruna Bebic, Tanja Deman, Ana Simunovic, Zvezdana Mlakar, Tina Gorenjak, Maja Martina Merljak, Natasa Ninkovic, Dara Dzokic, Peter Bianco, Jelena Radan, Barbara Rocco, Ursa Raukar, Zeljko Udovicic, Hrvojka Begovic, Azamat Nabiullin, Edina Pli\u0107ani\u0107, Armand Assante und viele mehr. Die amerikanische Elite- Zeitschrift \u201eAS IF\u201c hat die TEENLIFTING\u00ae Methode unter die Top 6 der weltweit erfolgreichen nat\u00fcrlichen nicht-invasiven kosmetische Methoden gew\u00e4hlt.<\/p>\n<p>&nbsp;<\/p>\n<div class=\"services-wrapper services-fullbox cols-wrapper cols-4\" style=\"background-color:#f7f7f7f7;color:#777777;\"><div class=\"services-box col\"><div class=\"img-container\"><img decoding=\"async\" src=\"https:\/\/teenlifting.com.hr\/content\/uploads\/2016\/12\/nina_violic.jpg\" alt=\"NINA VIOLI\u0106&lt;\/br&gt;Schauspielerin\"\/><\/div><div class=\"services-content\"><div class=\"sc-wraper\"><h3>NINA VIOLI\u0106<\/br>Schauspielerin<\/h3><p><div class=\"accordion-container accordion-all-closed\">\r\n<div class=\"accordion-title\">Zeugnis<span class=\"ac-indicator\"><\/span><\/div><div class=\"pane\">Ich schliesse mich an den Strom an und denke: Aktivieren statt plastifizieren! Sanja ist eine unglaubliche kroatische Erfindung, die uns alle vor dem Messer bewahren wird!<div class=\"clear\"><\/div><\/div>\r\n<\/div><\/p><\/div><\/div><\/div><div class=\"services-box col\"><div class=\"img-container\"><img decoding=\"async\" src=\"https:\/\/teenlifting.com.hr\/content\/uploads\/2016\/12\/tarik_filipovic.jpg\" alt=\"TARIK FILIPOVI\u0106&lt;\/br&gt;Schauspieler \/ Moderator\"\/><\/div><div class=\"services-content\"><div class=\"sc-wraper\"><h3>TARIK FILIPOVI\u0106<\/br>Schauspieler \/ Moderator<\/h3><p><div class=\"accordion-container accordion-all-closed\">\r\n<div class=\"accordion-title\">Zeugnis<span class=\"ac-indicator\"><\/span><\/div><div class=\"pane\">Ich bin \u00fcberw\u00e4ltigt von der Methodwe durch Elektrostimulation, weil es sich hierbei um Fittness f\u00fcr\u00b4s Gesicht handelt. Sogar wir Schauspieler, die eine ausgepr\u00e4gte Gesichtsmimik brauchen, haben Probleme mit Falten<div class=\"clear\"><\/div><\/div>\r\n<\/div><\/p><\/div><\/div><\/div><div class=\"services-box col\"><div class=\"img-container\"><img decoding=\"async\" src=\"https:\/\/teenlifting.com.hr\/content\/uploads\/2016\/12\/almira_osmanivic.jpg\" alt=\"ALMIRA OSMANOVI\u0106&lt;\/br&gt;Ballett Nationalmeisterin \"\/><\/div><div class=\"services-content\"><div class=\"sc-wraper\"><h3>ALMIRA OSMANOVI\u0106<\/br>Ballett Nationalmeisterin <\/h3><p><div class=\"accordion-container accordion-all-closed\">\r\n<div class=\"accordion-title\">Zeugnis<span class=\"ac-indicator\"><\/span><\/div><div class=\"pane\">Die TEENLIFTING Methode von dr. Sanje Go\u0161ovi\u0107 ist die nat\u00fcrliche Art gegen das Alter zu gewinnen. Die Sch\u00f6nheit kommt vom Charakter!<div class=\"clear\"><\/div><\/div>\r\n<\/div><\/p><\/div><\/div><\/div><div class=\"services-box col nomargin\"><div class=\"img-container\"><img decoding=\"async\" src=\"https:\/\/teenlifting.com.hr\/content\/uploads\/2016\/12\/josipa_lisac.jpg\" alt=\"JOSIPA LISAC&lt;\/br&gt;S\u00e4ngerin\"\/><\/div><div class=\"services-content\"><div class=\"sc-wraper\"><h3>JOSIPA LISAC<\/br>S\u00e4ngerin<\/h3><p><div class=\"accordion-container accordion-all-closed\">\r\n<div class=\"accordion-title\">Zeugnis<span class=\"ac-indicator\"><\/span><\/div><div class=\"pane\">Ich sehe besser aus, als vor 10 Jahren. Wenn ich \u00e4ltere Bilder sehe, bemerke ich wohl einen Unterschied. Der liegt aber nicht an meinem Alter<div class=\"clear\"><\/div><\/div>\r\n<\/div><\/p><\/div><\/div><\/div><div class=\"services-box col nomargin\"><div class=\"img-container\"><img decoding=\"async\" src=\"https:\/\/teenlifting.com.hr\/content\/uploads\/2016\/12\/zarko_savic.jpg\" alt=\"\u017dARKO SAVI\u0106&lt;\/br&gt;Schauspieler\"\/><\/div><div class=\"services-content\"><div class=\"sc-wraper\"><h3>\u017dARKO SAVI\u0106<\/br>Schauspieler<\/h3><p><div class=\"accordion-container accordion-all-closed\">\r\n<div class=\"accordion-title\">Zeugnis<span class=\"ac-indicator\"><\/span><\/div><div class=\"pane\">Die gute Muskelform erm\u00f6glicht es mir, dass ich meine Rollen bestm\u00f6glich verk\u00f6rpern kann.<div class=\"clear\"><\/div><\/div>\r\n<\/div><\/p><\/div><\/div><\/div><div class=\"clear\"><\/div><\/div>\n<p>\n<\/div><\/div>\n","protected":false},"excerpt":{"rendered":"","protected":false},"author":3,"featured_media":0,"parent":0,"menu_order":6,"comment_status":"closed","ping_status":"closed","template":"template-full-custom.php","meta":{"om_disable_all_campaigns":false,"_monsterinsights_skip_tracking":false,"_monsterinsights_sitenote_active":false,"_monsterinsights_sitenote_note":"","_monsterinsights_sitenote_category":0,"_uf_show_specific_survey":0,"_uf_disable_surveys":false,"footnotes":""},"class_list":["post-1800","page","type-page","status-publish","hentry"],"aioseo_notices":[],"yoast_head":"<!-- This site is optimized with the Yoast SEO plugin v27.4 - https:\/\/yoast.com\/product\/yoast-seo-wordpress\/ -->\n<title>\u00dcber uns - Teenlifting<\/title>\n<meta name=\"robots\" content=\"index, follow, max-snippet:-1, max-image-preview:large, max-video-preview:-1\" \/>\n<link rel=\"canonical\" href=\"https:\/\/mail.bell-stim.com\/de\/ueber-uns\/\" \/>\n<meta property=\"og:locale\" content=\"de_DE\" \/>\n<meta property=\"og:type\" content=\"article\" \/>\n<meta property=\"og:title\" content=\"\u00dcber uns - Teenlifting\" \/>\n<meta property=\"og:url\" content=\"https:\/\/mail.bell-stim.com\/de\/ueber-uns\/\" \/>\n<meta property=\"og:site_name\" content=\"Teenlifting\" \/>\n<meta property=\"article:modified_time\" content=\"2017-07-14T16:15:22+00:00\" \/>\n<meta property=\"og:image\" content=\"https:\/\/teenlifting.com.hr\/content\/uploads\/2016\/03\/sanja.jpg\" \/>\n<meta name=\"twitter:card\" content=\"summary_large_image\" \/>\n<meta name=\"twitter:label1\" content=\"Gesch\u00e4tzte Lesezeit\" \/>\n\t<meta name=\"twitter:data1\" content=\"4\u00a0Minuten\" \/>\n<script type=\"application\/ld+json\" class=\"yoast-schema-graph\">{\"@context\":\"https:\\\/\\\/schema.org\",\"@graph\":[{\"@type\":\"WebPage\",\"@id\":\"https:\\\/\\\/mail.bell-stim.com\\\/de\\\/ueber-uns\\\/\",\"url\":\"https:\\\/\\\/mail.bell-stim.com\\\/de\\\/ueber-uns\\\/\",\"name\":\"\u00dcber uns - Teenlifting\",\"isPartOf\":{\"@id\":\"https:\\\/\\\/mail.bell-stim.com\\\/en\\\/#website\"},\"primaryImageOfPage\":{\"@id\":\"https:\\\/\\\/mail.bell-stim.com\\\/de\\\/ueber-uns\\\/#primaryimage\"},\"image\":{\"@id\":\"https:\\\/\\\/mail.bell-stim.com\\\/de\\\/ueber-uns\\\/#primaryimage\"},\"thumbnailUrl\":\"https:\\\/\\\/teenlifting.com.hr\\\/content\\\/uploads\\\/2016\\\/03\\\/sanja.jpg\",\"datePublished\":\"2017-03-27T16:18:24+00:00\",\"dateModified\":\"2017-07-14T16:15:22+00:00\",\"breadcrumb\":{\"@id\":\"https:\\\/\\\/mail.bell-stim.com\\\/de\\\/ueber-uns\\\/#breadcrumb\"},\"inLanguage\":\"de\",\"potentialAction\":[{\"@type\":\"ReadAction\",\"target\":[\"https:\\\/\\\/mail.bell-stim.com\\\/de\\\/ueber-uns\\\/\"]}]},{\"@type\":\"ImageObject\",\"inLanguage\":\"de\",\"@id\":\"https:\\\/\\\/mail.bell-stim.com\\\/de\\\/ueber-uns\\\/#primaryimage\",\"url\":\"https:\\\/\\\/teenlifting.com.hr\\\/content\\\/uploads\\\/2016\\\/03\\\/sanja.jpg\",\"contentUrl\":\"https:\\\/\\\/teenlifting.com.hr\\\/content\\\/uploads\\\/2016\\\/03\\\/sanja.jpg\"},{\"@type\":\"BreadcrumbList\",\"@id\":\"https:\\\/\\\/mail.bell-stim.com\\\/de\\\/ueber-uns\\\/#breadcrumb\",\"itemListElement\":[{\"@type\":\"ListItem\",\"position\":1,\"name\":\"Po\u010detna stranica\",\"item\":\"https:\\\/\\\/mail.bell-stim.com\\\/de\\\/\"},{\"@type\":\"ListItem\",\"position\":2,\"name\":\"\u00dcber uns\"}]},{\"@type\":\"WebSite\",\"@id\":\"https:\\\/\\\/mail.bell-stim.com\\\/en\\\/#website\",\"url\":\"https:\\\/\\\/mail.bell-stim.com\\\/en\\\/\",\"name\":\"Teenlifting\",\"description\":\"Aktiviraj, ne plastificiraj!\",\"potentialAction\":[{\"@type\":\"SearchAction\",\"target\":{\"@type\":\"EntryPoint\",\"urlTemplate\":\"https:\\\/\\\/mail.bell-stim.com\\\/en\\\/?s={search_term_string}\"},\"query-input\":{\"@type\":\"PropertyValueSpecification\",\"valueRequired\":true,\"valueName\":\"search_term_string\"}}],\"inLanguage\":\"de\"}]}<\/script>\n<!-- \/ Yoast SEO plugin. -->","yoast_head_json":{"title":"\u00dcber uns - Teenlifting","robots":{"index":"index","follow":"follow","max-snippet":"max-snippet:-1","max-image-preview":"max-image-preview:large","max-video-preview":"max-video-preview:-1"},"canonical":"https:\/\/mail.bell-stim.com\/de\/ueber-uns\/","og_locale":"de_DE","og_type":"article","og_title":"\u00dcber uns - Teenlifting","og_url":"https:\/\/mail.bell-stim.com\/de\/ueber-uns\/","og_site_name":"Teenlifting","article_modified_time":"2017-07-14T16:15:22+00:00","og_image":[{"url":"https:\/\/teenlifting.com.hr\/content\/uploads\/2016\/03\/sanja.jpg","type":"","width":"","height":""}],"twitter_card":"summary_large_image","twitter_misc":{"Gesch\u00e4tzte Lesezeit":"4\u00a0Minuten"},"schema":{"@context":"https:\/\/schema.org","@graph":[{"@type":"WebPage","@id":"https:\/\/mail.bell-stim.com\/de\/ueber-uns\/","url":"https:\/\/mail.bell-stim.com\/de\/ueber-uns\/","name":"\u00dcber uns - Teenlifting","isPartOf":{"@id":"https:\/\/mail.bell-stim.com\/en\/#website"},"primaryImageOfPage":{"@id":"https:\/\/mail.bell-stim.com\/de\/ueber-uns\/#primaryimage"},"image":{"@id":"https:\/\/mail.bell-stim.com\/de\/ueber-uns\/#primaryimage"},"thumbnailUrl":"https:\/\/teenlifting.com.hr\/content\/uploads\/2016\/03\/sanja.jpg","datePublished":"2017-03-27T16:18:24+00:00","dateModified":"2017-07-14T16:15:22+00:00","breadcrumb":{"@id":"https:\/\/mail.bell-stim.com\/de\/ueber-uns\/#breadcrumb"},"inLanguage":"de","potentialAction":[{"@type":"ReadAction","target":["https:\/\/mail.bell-stim.com\/de\/ueber-uns\/"]}]},{"@type":"ImageObject","inLanguage":"de","@id":"https:\/\/mail.bell-stim.com\/de\/ueber-uns\/#primaryimage","url":"https:\/\/teenlifting.com.hr\/content\/uploads\/2016\/03\/sanja.jpg","contentUrl":"https:\/\/teenlifting.com.hr\/content\/uploads\/2016\/03\/sanja.jpg"},{"@type":"BreadcrumbList","@id":"https:\/\/mail.bell-stim.com\/de\/ueber-uns\/#breadcrumb","itemListElement":[{"@type":"ListItem","position":1,"name":"Po\u010detna stranica","item":"https:\/\/mail.bell-stim.com\/de\/"},{"@type":"ListItem","position":2,"name":"\u00dcber uns"}]},{"@type":"WebSite","@id":"https:\/\/mail.bell-stim.com\/en\/#website","url":"https:\/\/mail.bell-stim.com\/en\/","name":"Teenlifting","description":"Aktiviraj, ne plastificiraj!","potentialAction":[{"@type":"SearchAction","target":{"@type":"EntryPoint","urlTemplate":"https:\/\/mail.bell-stim.com\/en\/?s={search_term_string}"},"query-input":{"@type":"PropertyValueSpecification","valueRequired":true,"valueName":"search_term_string"}}],"inLanguage":"de"}]}},"_links":{"self":[{"href":"https:\/\/mail.bell-stim.com\/de\/wp-json\/wp\/v2\/pages\/1800","targetHints":{"allow":["GET"]}}],"collection":[{"href":"https:\/\/mail.bell-stim.com\/de\/wp-json\/wp\/v2\/pages"}],"about":[{"href":"https:\/\/mail.bell-stim.com\/de\/wp-json\/wp\/v2\/types\/page"}],"author":[{"embeddable":true,"href":"https:\/\/mail.bell-stim.com\/de\/wp-json\/wp\/v2\/users\/3"}],"replies":[{"embeddable":true,"href":"https:\/\/mail.bell-stim.com\/de\/wp-json\/wp\/v2\/comments?post=1800"}],"version-history":[{"count":6,"href":"https:\/\/mail.bell-stim.com\/de\/wp-json\/wp\/v2\/pages\/1800\/revisions"}],"predecessor-version":[{"id":1878,"href":"https:\/\/mail.bell-stim.com\/de\/wp-json\/wp\/v2\/pages\/1800\/revisions\/1878"}],"wp:attachment":[{"href":"https:\/\/mail.bell-stim.com\/de\/wp-json\/wp\/v2\/media?parent=1800"}],"curies":[{"name":"wp","href":"https:\/\/api.w.org\/{rel}","templated":true}]}}