{"id":2792,"date":"2025-01-07T18:28:42","date_gmt":"2025-01-07T18:28:42","guid":{"rendered":"https:\/\/teenlifting.com.hr\/?page_id=2792"},"modified":"2025-01-13T11:03:40","modified_gmt":"2025-01-13T11:03:40","slug":"titre","status":"publish","type":"page","link":"https:\/\/mail.bell-stim.com\/fr\/","title":{"rendered":"Titre"},"content":{"rendered":"<div class=\"section-full-width section-light-bg\" style=\"background-color:#f7f7f7;\" id=\"section-1\"><div class=\"section-boxed\" style=\"color:#373737;\"><div class=\"services-wrapper services-boxed-photo cols-wrapper cols-4\"><div class=\"services-box col\"><a href=\"https:\/\/teenlifting.com.hr\/fr\/teenlifting-du-visage\/\"><div class=\"img-container\"><img decoding=\"async\" src=\"https:\/\/teenlifting.com.hr\/content\/uploads\/2016\/09\/teenlifting_lica_box-1.jpg\" alt=\"TEENLIFTING\u00ae du visage\"\/><\/div><\/a><div class=\"services-content\"><div class=\"sc-wraper\"><h3><a href=\"https:\/\/teenlifting.com.hr\/fr\/teenlifting-du-visage\/\">TEENLIFTING\u00ae du visage<\/a><\/h3><p>TEENLIFTING du visage est une \u00e9lectrostimulation de tous les muscles du visage et du cou dans le but de : raffermir le front, lifter les sourcils et les paupi\u00e8res, lifter les joues, faire dispara\u00eetre les cernes, am\u00e9liorer la forme des l\u00e8vres et du menton, faire dispara\u00eetre le double menton, raffermir le cou et resserrer l\u2019ensemble du visage.\r\n<\/br><\/br>\r\n<a class=\"button\" href=\"https:\/\/teenlifting.com.hr\/fr\/teenlifting-du-visage\/\">En savoir plus<\/a><\/p><\/div><\/div><\/div><div class=\"services-box col\"><a href=\"https:\/\/teenlifting.com.hr\/fr\/bellstim-du-corps\/\"><div class=\"img-container\"><img decoding=\"async\" src=\"https:\/\/teenlifting.com.hr\/content\/uploads\/2016\/09\/teenlifting_tijela_box.jpg\" alt=\"BellStim\u00ae du corps\"\/><\/div><\/a><div class=\"services-content\"><div class=\"sc-wraper\"><h3><a href=\"https:\/\/teenlifting.com.hr\/fr\/bellstim-du-corps\/\">BellStim\u00ae du corps<\/a><\/h3><p>TEENLIFTING est une \u00e9lectrostimulation de tous les muscles du corps dans le but de : sculpter le corps, \u00e9liminer la cellulite, perdre du poids, supprimer les douleurs, drainer, d\u00e9toxifier le corps, stimuler la circulation et oxyg\u00e9ner tous les tissus.\r\n<\/br><\/br>\r\n<a class=\"button\" href=\"https:\/\/teenlifting.com.hr\/fr\/bellstim-du-corps\/\">En savoir plus<\/a><\/p><\/div><\/div><\/div><div class=\"services-box col\"><a href=\"https:\/\/teenlifting.com.hr\/fr\/stimulation-pelvienne-bellstim\/\"><div class=\"img-container\"><img decoding=\"async\" src=\"https:\/\/teenlifting.com.hr\/content\/uploads\/2016\/09\/teenlifting_zdjelice_box-1.jpg\" alt=\"BellStim\u00ae pelvien\"\/><\/div><\/a><div class=\"services-content\"><div class=\"sc-wraper\"><h3><a href=\"https:\/\/teenlifting.com.hr\/fr\/stimulation-pelvienne-bellstim\/\">BellStim\u00ae pelvien<\/a><\/h3><p>TEENLIFTING pelvien est une \u00e9lectrostimulation de tous les muscles pelviens et des organes internes dans le but de : se d\u00e9barrasser de l\u2019incontinence, de l\u2019impuissance, des douleurs aux hanches et \u00e0 la colonne vert\u00e9brale, relever l\u2019ut\u00e9rus, drainer et sculpter l\u2019abdomen, les fesses et les hanches.\r\n<\/br><\/br>\r\n<a class=\"button\" href=\"https:\/\/teenlifting.com.hr\/fr\/stimulation-pelvienne-bellstim\/\">En savoir plus<\/a><\/p><\/div><\/div><\/div><div class=\"services-box col nomargin\"><a href=\"https:\/\/teenlifting.com.hr\/fr\/teenlifting-du-platysma\/\"><div class=\"img-container\"><img decoding=\"async\" src=\"https:\/\/teenlifting.com.hr\/content\/uploads\/2016\/09\/teenlifting_platizme_box.jpg\" alt=\"TEENLIFTING\u00ae du platysma\"\/><\/div><\/a><div class=\"services-content\"><div class=\"sc-wraper\"><h3><a href=\"https:\/\/teenlifting.com.hr\/fr\/teenlifting-du-platysma\/\">TEENLIFTING\u00ae du platysma<\/a><\/h3><p>TEENLIFTING du platysma est une \u00e9lectrostimulation de tous les muscles du cou, du double menton, de la bouche et des joues dans le but de : raffermir le cou, faire dispara\u00eetre le double menton, sculpter le menton et la bouche, soulever les joues, resserrer le visage et le cou, et augmenter le tonus des muscles et de la peau.\r\n<\/br><\/br>\r\n<a class=\"button\" href=\"https:\/\/teenlifting.com.hr\/fr\/teenlifting-du-platysma\/\">En savoir plus<\/a><\/p><\/div><\/div><\/div><div class=\"clear\"><\/div><\/div>\n<\/div><\/div>\n<div class=\"section-full-width section-light2 parallax-scroll\" style=\"background-color:#ffffff; min-height:450px;\" id=\"teenliftingfranchise\"><div style=\"background-image:url(https:\/\/www.teenlifting.com.hr\/content\/uploads\/2016\/03\/teenlifting-centar-2.jpg); opacity:0.5; filter: alpha(opacity=50);\" class=\"full-bg-image\" ><\/div><div class=\"section-boxed\" style=\"color:#777777;\"><h2 class=\"section-title\" style=\"color:#252525;\">TEENLIFTING FRANCHISE<\/h2><h4 style=\"color:#252525;\" class=\"sub-title\"> <\/h4><\/p>\n<p style=\"text-align: center;\"><a class=\"button\" href=\"https:\/\/teenlifting.com.hr\/fr\/franchise\/\">En savoir plus<\/a><\/p>\n<p>\n<\/div><\/div>\n","protected":false},"excerpt":{"rendered":"","protected":false},"author":3,"featured_media":0,"parent":0,"menu_order":1,"comment_status":"closed","ping_status":"closed","template":"template-full-custom.php","meta":{"om_disable_all_campaigns":false,"_monsterinsights_skip_tracking":false,"_monsterinsights_sitenote_active":false,"_monsterinsights_sitenote_note":"","_monsterinsights_sitenote_category":0,"_uf_show_specific_survey":0,"_uf_disable_surveys":false,"footnotes":""},"class_list":["post-2792","page","type-page","status-publish","hentry"],"aioseo_notices":[],"yoast_head":"<!-- This site is optimized with the Yoast SEO plugin v27.4 - https:\/\/yoast.com\/product\/yoast-seo-wordpress\/ -->\n<title>Titre - Teenlifting<\/title>\n<meta name=\"robots\" content=\"index, follow, max-snippet:-1, max-image-preview:large, max-video-preview:-1\" \/>\n<link rel=\"canonical\" href=\"https:\/\/mail.teenlifting.co.za\/fr\/\" \/>\n<meta property=\"og:locale\" content=\"fr_FR\" \/>\n<meta property=\"og:type\" content=\"article\" \/>\n<meta property=\"og:title\" content=\"Titre - Teenlifting\" \/>\n<meta property=\"og:url\" content=\"https:\/\/mail.teenlifting.co.za\/fr\/\" \/>\n<meta property=\"og:site_name\" content=\"Teenlifting\" \/>\n<meta property=\"article:modified_time\" content=\"2025-01-13T11:03:40+00:00\" \/>\n<meta name=\"twitter:card\" content=\"summary_large_image\" \/>\n<meta name=\"twitter:label1\" content=\"Est. reading time\" \/>\n\t<meta name=\"twitter:data1\" content=\"1 minute\" \/>\n<script type=\"application\/ld+json\" class=\"yoast-schema-graph\">{\"@context\":\"https:\\\/\\\/schema.org\",\"@graph\":[{\"@type\":\"WebPage\",\"@id\":\"https:\\\/\\\/mail.teenlifting.co.za\\\/fr\\\/\",\"url\":\"https:\\\/\\\/mail.teenlifting.co.za\\\/fr\\\/\",\"name\":\"Titre - Teenlifting\",\"isPartOf\":{\"@id\":\"https:\\\/\\\/www.bell-stim.com\\\/#website\"},\"datePublished\":\"2025-01-07T18:28:42+00:00\",\"dateModified\":\"2025-01-13T11:03:40+00:00\",\"breadcrumb\":{\"@id\":\"https:\\\/\\\/mail.teenlifting.co.za\\\/fr\\\/#breadcrumb\"},\"inLanguage\":\"fr-FR\",\"potentialAction\":[{\"@type\":\"ReadAction\",\"target\":[\"https:\\\/\\\/mail.teenlifting.co.za\\\/fr\\\/\"]}]},{\"@type\":\"BreadcrumbList\",\"@id\":\"https:\\\/\\\/mail.teenlifting.co.za\\\/fr\\\/#breadcrumb\",\"itemListElement\":[{\"@type\":\"ListItem\",\"position\":1,\"name\":\"Po\u010detna stranica\",\"item\":\"https:\\\/\\\/mail.teenlifting.co.za\\\/fr\\\/\"},{\"@type\":\"ListItem\",\"position\":2,\"name\":\"Titre\"}]},{\"@type\":\"WebSite\",\"@id\":\"https:\\\/\\\/www.bell-stim.com\\\/#website\",\"url\":\"https:\\\/\\\/www.bell-stim.com\\\/\",\"name\":\"Teenlifting\",\"description\":\"Aktiviraj, ne plastificiraj!\",\"potentialAction\":[{\"@type\":\"SearchAction\",\"target\":{\"@type\":\"EntryPoint\",\"urlTemplate\":\"https:\\\/\\\/www.bell-stim.com\\\/?s={search_term_string}\"},\"query-input\":{\"@type\":\"PropertyValueSpecification\",\"valueRequired\":true,\"valueName\":\"search_term_string\"}}],\"inLanguage\":\"fr-FR\"}]}<\/script>\n<!-- \/ Yoast SEO plugin. -->","yoast_head_json":{"title":"Titre - Teenlifting","robots":{"index":"index","follow":"follow","max-snippet":"max-snippet:-1","max-image-preview":"max-image-preview:large","max-video-preview":"max-video-preview:-1"},"canonical":"https:\/\/mail.teenlifting.co.za\/fr\/","og_locale":"fr_FR","og_type":"article","og_title":"Titre - Teenlifting","og_url":"https:\/\/mail.teenlifting.co.za\/fr\/","og_site_name":"Teenlifting","article_modified_time":"2025-01-13T11:03:40+00:00","twitter_card":"summary_large_image","twitter_misc":{"Est. reading time":"1 minute"},"schema":{"@context":"https:\/\/schema.org","@graph":[{"@type":"WebPage","@id":"https:\/\/mail.teenlifting.co.za\/fr\/","url":"https:\/\/mail.teenlifting.co.za\/fr\/","name":"Titre - Teenlifting","isPartOf":{"@id":"https:\/\/www.bell-stim.com\/#website"},"datePublished":"2025-01-07T18:28:42+00:00","dateModified":"2025-01-13T11:03:40+00:00","breadcrumb":{"@id":"https:\/\/mail.teenlifting.co.za\/fr\/#breadcrumb"},"inLanguage":"fr-FR","potentialAction":[{"@type":"ReadAction","target":["https:\/\/mail.teenlifting.co.za\/fr\/"]}]},{"@type":"BreadcrumbList","@id":"https:\/\/mail.teenlifting.co.za\/fr\/#breadcrumb","itemListElement":[{"@type":"ListItem","position":1,"name":"Po\u010detna stranica","item":"https:\/\/mail.teenlifting.co.za\/fr\/"},{"@type":"ListItem","position":2,"name":"Titre"}]},{"@type":"WebSite","@id":"https:\/\/www.bell-stim.com\/#website","url":"https:\/\/www.bell-stim.com\/","name":"Teenlifting","description":"Aktiviraj, ne plastificiraj!","potentialAction":[{"@type":"SearchAction","target":{"@type":"EntryPoint","urlTemplate":"https:\/\/www.bell-stim.com\/?s={search_term_string}"},"query-input":{"@type":"PropertyValueSpecification","valueRequired":true,"valueName":"search_term_string"}}],"inLanguage":"fr-FR"}]}},"_links":{"self":[{"href":"https:\/\/mail.bell-stim.com\/fr\/wp-json\/wp\/v2\/pages\/2792","targetHints":{"allow":["GET"]}}],"collection":[{"href":"https:\/\/mail.bell-stim.com\/fr\/wp-json\/wp\/v2\/pages"}],"about":[{"href":"https:\/\/mail.bell-stim.com\/fr\/wp-json\/wp\/v2\/types\/page"}],"author":[{"embeddable":true,"href":"https:\/\/mail.bell-stim.com\/fr\/wp-json\/wp\/v2\/users\/3"}],"replies":[{"embeddable":true,"href":"https:\/\/mail.bell-stim.com\/fr\/wp-json\/wp\/v2\/comments?post=2792"}],"version-history":[{"count":7,"href":"https:\/\/mail.bell-stim.com\/fr\/wp-json\/wp\/v2\/pages\/2792\/revisions"}],"predecessor-version":[{"id":2892,"href":"https:\/\/mail.bell-stim.com\/fr\/wp-json\/wp\/v2\/pages\/2792\/revisions\/2892"}],"wp:attachment":[{"href":"https:\/\/mail.bell-stim.com\/fr\/wp-json\/wp\/v2\/media?parent=2792"}],"curies":[{"name":"wp","href":"https:\/\/api.w.org\/{rel}","templated":true}]}}