{"id":2802,"date":"2025-01-08T17:43:55","date_gmt":"2025-01-08T17:43:55","guid":{"rendered":"https:\/\/teenlifting.com.hr\/?page_id=2802"},"modified":"2025-03-26T18:33:43","modified_gmt":"2025-03-26T18:33:43","slug":"faq","status":"publish","type":"page","link":"https:\/\/mail.bell-stim.com\/fr\/faq\/","title":{"rendered":"FAQ"},"content":{"rendered":"<h2>Questions fr\u00e9quemment pos\u00e9es<\/h2>\n<hr \/>\n<p>&nbsp;<\/p>\n<h4>G\u00e9n\u00e9rale<\/h4>\n<div class=\"accordion-container\"><br \/>\n<div class=\"accordion-title\">1. En quoi TEENLIFTING est-il diff\u00e9rent des autres \u00e9lectrostimulations musculaires sur le march\u00e9 ?<span class=\"ac-indicator\"><\/span><\/div><div class=\"pane\">La stimulation TEENLIFTING\u00ae utilise des \u00e9lectrodes uniques et de forme sp\u00e9ciale, stimulant tous les muscles en m\u00eame temps. Cette m\u00e9thode d\u2019\u00e9lectrostimulation permet d\u2019obtenir des meilleurs r\u00e9sultats sur tous les muscles (le seuil de confort est \u00e9lev\u00e9, ce qui augmente l\u2019intensit\u00e9 de la stimulation elle-m\u00eame sur tous les muscles ou de grands groupes fonctionnels de muscles). La stimulation classique ne fonctionne que sur de petites zones de muscles individuels, ce qui est trop intense pour eux, sans effet sur les muscles voisins.<div class=\"clear\"><\/div><\/div><div class=\"accordion-title\">2. Combien de temps dure un traitement ?<span class=\"ac-indicator\"><\/span><\/div><div class=\"pane\">Les traitements du visage et du corps durent 30 minutes chacun.<div class=\"clear\"><\/div><\/div><br \/>\n<\/div>\n<h4>Affronter<\/h4>\n<div class=\"accordion-container\"><br \/>\n<div class=\"accordion-title\">1. Pourquoi le traitement TEENLIFTING stimule-t-il tous les muscles du visage en m\u00eame temps ?<span class=\"ac-indicator\"><\/span><\/div><div class=\"pane\">Les muscles sont anatomiquement interconnect\u00e9s, ce qui conditionne leur contraction synchronis\u00e9e, qui est obtenue par des formes d\u2019\u00e9lectrodes adapt\u00e9es et originales. Au cours de chacune des dix stimulations, tous les muscles du visage sont stimul\u00e9s : les muscles du front, du cuir chevelu, des tempes, des yeux, des joues, de la bouche, du menton, du double menton et du cou, mais la m\u00e9thode de stimulation et les relations de la combinaison musculaire sont diff\u00e9rentes.<div class=\"clear\"><\/div><\/div><div class=\"accordion-title\">2. Comment TEENLIFTING affecte-t-il la peau ?<span class=\"ac-indicator\"><\/span><\/div><div class=\"pane\">La stimulation TEENLIFTING am\u00e9liore la sant\u00e9 et l&#8217;aspect de la peau, et r\u00e9duit les tiraillements de mani\u00e8re naturelle par:<\/p>\n<ul style=\"padding-left: 60px;\">\n<li>La tonicit\u00e9 \u00e9lev\u00e9e du principal support de la peau, \u00e0 savoir les muscles.<\/li>\n<li>La stimulation de la circulation et du drainage lymphatique des tissus sous-cutan\u00e9s et cutan\u00e9s, ce qui assure un \u00e9coulement plus rapide des fluides sans leur r\u00e9tention (entr\u00e9e de nutriments, d\u2019eau, d\u2019hormones&#8230; et l\u2019\u00e9limination des r\u00e9sidus)<\/li>\n<li>La stimulation de la microcirculation de la peau, \u00e0 la brillance de la peau, et stimule le raffermissement naturel de la peau de la mani\u00e8re la plus saine.<\/li>\n<\/ul>\n<p><div class=\"clear\"><\/div><\/div><div class=\"accordion-title\">3. Pourquoi est-il important de commencer le traitement TEENLIFTING avant l\u2019\u00e2ge de trente ans ?<span class=\"ac-indicator\"><\/span><\/div><div class=\"pane\">Apr\u00e8s l\u2019\u00e2ge de trente ans, les muscles se d\u00e9tendent, modifiant la forme et l\u2019expression du visage. Id\u00e9alement, en commen\u00e7ant un traitement avant l\u2019\u00e2ge de trente ans, la forme petite et ferme du visage ne change jamais et conserve son apparence juv\u00e9nile pour toujours.<div class=\"clear\"><\/div><\/div><div class=\"accordion-title\">4. Suis-je trop vieux pour TEENLIFTING ?<span class=\"ac-indicator\"><\/span><\/div><div class=\"pane\">Il n\u2019y a pas de limite d\u2019\u00e2ge. Les muscles ont besoin d\u2019\u00eatre exerc\u00e9s tout au long de la vie.<div class=\"clear\"><\/div><\/div><div class=\"accordion-title\">5. Mes rides vont-elles dispara\u00eetre ?<span class=\"ac-indicator\"><\/span><\/div><div class=\"pane\">Oui. La vitesse de disparition des rides est individuelle et d\u00e9pend du nombre de s\u00e9ances, de l\u2019\u00e2ge et de d\u2019autres facteurs.<div class=\"clear\"><\/div><\/div><div class=\"accordion-title\">6. Mes rides d'expression vont-elles dispara\u00eetre ?<span class=\"ac-indicator\"><\/span><\/div><div class=\"pane\">La stimulation TEENLIFTING rajeunit l\u2019ensemble du visage, du menton et du cou, en plus de faire dispara\u00eetre les rides. La vitesse de disparition des rides est individuelle et d\u00e9pend du nombre de s\u00e9ances, de l\u2019\u00e2ge et de d\u2019autres facteurs.<div class=\"clear\"><\/div><\/div><div class=\"accordion-title\">7. Y a-t-il une diff\u00e9rence entre les rides mimiques et l'affaissement de la peau ?<span class=\"ac-indicator\"><\/span><\/div><div class=\"pane\">Oui. Les RIDES D&#8217;EXPRESSION sont les premi\u00e8res rides qui apparaissent apr\u00e8s l\u2019\u00e2ge de 30 ans, en raison du rel\u00e2chement des muscles d&#8217;expression. Nous avons tous les m\u00eames muscles d&#8217;expression et donc tous des rides aux m\u00eames endroits. La g\u00e9n\u00e9tique est la seule raison pour laquelle les rides apparaissent plus ou moins t\u00f4t chez chaque personne, c\u2019est-\u00e0-dire que cela d\u00e9pend des muscles de chacun. Par exemple, chez les fr\u00e8res et s\u0153urs, l\u2019un h\u00e9rite plus des g\u00e8nes de maman et a ainsi plus de rides autour des yeux (les muscles autour des yeux sont plus faibles), tandis que l\u2019autre h\u00e9rite plus des g\u00e8nes de papa et a un double menton (muscles du menton plus faibles). L&#8217;AFFAISSEMENT DE LA PEAU est caus\u00e9e par la perte de tissu adipeux sous-cutan\u00e9 de la peau, la perte et l\u2019affaiblissement du collag\u00e8ne et de l\u2019\u00e9lastine dans la peau, et la d\u00e9shydratation de la peau (perte d\u2019eau). Elle se produit naturellement avec le vieillissement ou avec l\u2019apparition de certaines maladies et \u00e0 cause de certains m\u00e9dicaments.<br \/>\n<div class=\"clear\"><\/div><\/div><div class=\"accordion-title\">8. Quand verrez-vous les premiers r\u00e9sultats ?<span class=\"ac-indicator\"><\/span><\/div><div class=\"pane\">D\u00e8s le premier traitement,  le visage est rafra\u00eechi et apr\u00e8s le cinqui\u00e8me traitement, les premiers r\u00e9sultats sont visibles.<div class=\"clear\"><\/div><\/div><div class=\"accordion-title\">9. Que se passe-t-il si j\u2019arr\u00eate de venir pour des traitements ?<span class=\"ac-indicator\"><\/span><\/div><div class=\"pane\">L&#8217;interruption de la continuit\u00e9 du traitement ne nuit pas au visage, car le muscle conserve le tonus acquis pendant longtemps. Si vous reprenez le traitement plus tard, les r\u00e9sultats s\u2019am\u00e9lioreront. Il est pr\u00e9f\u00e9rable de faire quelques s\u00e9ances par an plut\u00f4t que de laisser les muscles se d\u00e9tendre continuellement.<div class=\"clear\"><\/div><\/div><div class=\"accordion-title\">10. Le traitement TEENLIFTING est-il douloureux ?<span class=\"ac-indicator\"><\/span><\/div><div class=\"pane\">La sensation d\u00e9sagr\u00e9able de l\u2019\u00e9lectrostimulation est supprim\u00e9e par le client lui-m\u00eame, qui choisit l\u2019intensit\u00e9 de la stimulation \u00e0 tout moment.<div class=\"clear\"><\/div><\/div><div class=\"accordion-title\">11. \u00c0 quelle fr\u00e9quence dois-je venir pour des traitements ?<span class=\"ac-indicator\"><\/span><\/div><div class=\"pane\">En moyenne, les clients viennent pour 15 \u00e0 30 traitements par an, mais le temps et les finances d\u00e9termineront probablement le rythme de vos s\u00e9ances. Il est pr\u00e9f\u00e9rable de faire quelques s\u00e9ances par an plut\u00f4t que de laisser les muscles se d\u00e9tendre continuellement. Il est pr\u00e9f\u00e9rable d\u2019\u00e9tablir un programme annuel et de s\u2019adapter financi\u00e8rement aux tarifs \u00ab plan annuel plus favorable \u00bb dans les CENTRES TEENLIFTING.<div class=\"clear\"><\/div><\/div><div class=\"accordion-title\">12. Quelles sont les contre-indications absolues ?<span class=\"ac-indicator\"><\/span><\/div><div class=\"pane\">Grossesse et stimulateur cardiaque.<div class=\"clear\"><\/div><\/div><br \/>\n<\/div>\n<h4>Corps<\/h4>\n<div class=\"accordion-container\"><br \/>\n<div class=\"accordion-title\">1. En quoi BellStim est-il diff\u00e9rent des autres \u00e9lectrostimulations ?<span class=\"ac-indicator\"><\/span><\/div><div class=\"pane\">La stimulation BellStim\u00ae utilise des \u00e9lectrodes de forme sp\u00e9ciale et unique, stimulant tous les muscles en m\u00eame temps. C\u2019est cette m\u00e9thode d\u2019\u00e9lectrostimulation qui permet d\u2019obtenir de meilleurs r\u00e9sultats sur tous les muscles (le seuil de confort de l&#8217;\u00e9lectrostimulation est \u00e9lev\u00e9, ce qui augmente l\u2019intensit\u00e9 de la stimulation elle-m\u00eame sur tous les muscles ou de grands groupes fonctionnels de muscles). La stimulation classique ne fonctionne que sur de petites zones de muscles individuels, ce qui est trop intense pour eux et inefficace sur les muscles voisins.<div class=\"clear\"><\/div><\/div><div class=\"accordion-title\">2. N\u2019est-il pas pr\u00e9f\u00e9rable pour moi de faire de l\u2019exercice activement et naturellement ? Pourquoi devrais-je venir pour l\u2019\u00e9lectrostimulation ?<span class=\"ac-indicator\"><\/span><\/div><div class=\"pane\">Il est id\u00e9al de combiner des exercices actifs (fitness, gymnase, natation, etc.) avecl&#8217;\u00e9lectrostimulation BellStim de TOUT LE CORPS ou des ZONES CRITIQUES. Rien n&#8217;est comparable \u00e0 une s\u00e9ance corps compl\u00e8te BellStim de 30 minutes, en raison de l\u2019efficacit\u00e9 maximale de la stimulation : bras, \u00e9paules, poitrine, dos, torse, abdomen, fesses, hanches, jambes et pieds. Les r\u00e9sultats que vous obtenez uniquement par un exercice actif pendant la m\u00eame p\u00e9riode de temps sont acc\u00e9l\u00e9r\u00e9s plusieurs fois et avec une meilleure qualit\u00e9, en les combinant avec l&#8217;\u00e9lectrostimulation. De plus, BellStim favorise toutes les zones douloureuses qui vous emp\u00eachent de faire de l\u2019exercice actif. Par exemple, les fibres musculaires sont divis\u00e9es en rapides et lentes, selon le type. Tous les muscles du corps pr\u00e9sentent un certain pourcentage des deux fibres, d\u00e9termin\u00e9 par l\u2019h\u00e9r\u00e9dit\u00e9. Pour chaque groupe musculaire (bras, jambes, etc.), une stimulation sp\u00e9ciale des fibres musculaires rapides et lentes est effectu\u00e9e, ce qui n\u00e9cessite un plus grand nombre d\u2019heures de travail et d\u2019exercice. Lors de l\u2019\u00e9lectrostimulation, tous les groupes musculaires de l\u2019ensemble du corps, avec leurs fibres rapides et lentes, travaillent de la premi\u00e8re \u00e0 la derni\u00e8re seconde du traitement.<\/p>\n<ul style=\"padding-left: 60px;\">\n<li>Selon le mode d&#8217;ex\u00e9cution : exercices passifs, exercices actifs soutenus, exercices actifs ind\u00e9pendants et exercices actifs avec r\u00e9sistance ou charges<\/li>\n<li>exercices pour maintenir une amplitude de mouvement maximale dans toutes les articulations<\/li>\n<li>exercices d&#8217;\u00e9tirements statiques (stretching)<\/li>\n<li>exercices de force, d&#8217;endurance, de vitesse et de coordination :\n<ol style=\"padding-left: 80px;\">\n<li>exercices isom\u00e9triques \u2013 par contraction isom\u00e9trique<\/li>\n<li>exercices isotoniques \u2013 contraction concentrique et excentrique<\/li>\n<li>exercices isocin\u00e9tiques<\/li>\n<\/ol>\n<\/li>\n<li>contraction des fibres musculaires rapides et lentes.<\/li>\n<\/ul>\n<p><div class=\"clear\"><\/div><\/div><div class=\"accordion-title\">3. Puis-je travailler davantage sur mes muscles\/zones critiques ?<span class=\"ac-indicator\"><\/span><\/div><div class=\"pane\">DDes endroits critiques tels que l\u2019abdomen, les fesses, les bras, etc. peuvent \u00eatre trait\u00e9s ind\u00e9pendamment (pour la mise en forme et le raffermissement). Pour l\u2019abdomen et les fesses, il existe de NOUVELLES \u00e9lectrodes de forme sp\u00e9ciale qui permettent d\u2019obtenir les r\u00e9sultats les plus rapides et les plus efficaces. Pour une stimulation r\u00e9guli\u00e8re et continue, il est pr\u00e9f\u00e9rable d\u2019\u00e9tablir un programme annuel et de s\u2019adapter financi\u00e8rement aux tarifs \u00ab plan annuel plus favorable \u00bb dans les CENTRES TEENLIFTING.<div class=\"clear\"><\/div><\/div><div class=\"accordion-title\">4. Est-ce qu\u2019il \u00e9limine la cellulite ?<span class=\"ac-indicator\"><\/span><\/div><div class=\"pane\">Oui. L\u2019hormone sexuelle f\u00e9minine, l&#8217;\u0153strog\u00e8ne, est responsable de la cellulite. L\u2019\u0153strog\u00e8ne accumule le tissu adipeux et g\u00eane le flux de liquide extracellulaire. La formation de la cellulite est \u00e9galement influenc\u00e9e par l\u2019alimentation, l\u2019activit\u00e9 physique, la g\u00e9n\u00e9tique, le stress, etc.<br \/>\nLa cellulite ne peut \u00eatre que maintenue sous contr\u00f4le, mais jamais \u00e9limin\u00e9e (sauf si la g\u00e9n\u00e9tique l\u2019a d\u00e9cid\u00e9).<br \/>\nUne fa\u00e7on directe et \u00ab permanente \u00bb de r\u00e9soudre ce probl\u00e8me complexe est de:<\/p>\n<ul style=\"padding-left: 60px;\">\n<li>stimuler la microcirculation cutan\u00e9e<\/li>\n<li>am\u00e9liorer le drainage lymphatique et le flux de liquide extracellulaire<\/li>\n<li>augmenter la force musculaire (comme une pompe constante qui maintient le flux de liquide) des tissus affect\u00e9s.<\/li>\n<\/ul>\n<p>C\u2019est exactement ainsi que BellStim r\u00e9sout le probl\u00e8me et \u00e9limine la cellulite. Sans un renforcement aussi intense du tonus musculaire du tissu affect\u00e9, les r\u00e9sultats seraient de courte dur\u00e9e.<div class=\"clear\"><\/div><\/div><br \/>\n<\/div>\n","protected":false},"excerpt":{"rendered":"<p>Questions fr\u00e9quemment pos\u00e9es &nbsp; G\u00e9n\u00e9rale Affronter Corps<\/p>\n","protected":false},"author":3,"featured_media":0,"parent":0,"menu_order":4,"comment_status":"closed","ping_status":"closed","template":"","meta":{"om_disable_all_campaigns":false,"_monsterinsights_skip_tracking":false,"_monsterinsights_sitenote_active":false,"_monsterinsights_sitenote_note":"","_monsterinsights_sitenote_category":0,"_uf_show_specific_survey":0,"_uf_disable_surveys":false,"footnotes":""},"class_list":["post-2802","page","type-page","status-publish","hentry"],"aioseo_notices":[],"yoast_head":"<!-- This site is optimized with the Yoast SEO plugin v27.4 - https:\/\/yoast.com\/product\/yoast-seo-wordpress\/ -->\n<title>FAQ - Teenlifting<\/title>\n<meta name=\"robots\" content=\"index, follow, max-snippet:-1, max-image-preview:large, max-video-preview:-1\" \/>\n<link rel=\"canonical\" href=\"https:\/\/mail.bell-stim.com\/fr\/faq\/\" \/>\n<meta property=\"og:locale\" content=\"fr_FR\" \/>\n<meta property=\"og:type\" content=\"article\" \/>\n<meta property=\"og:title\" content=\"FAQ - Teenlifting\" \/>\n<meta property=\"og:description\" content=\"Questions fr\u00e9quemment pos\u00e9es &nbsp; G\u00e9n\u00e9rale Affronter Corps\" \/>\n<meta property=\"og:url\" content=\"https:\/\/mail.bell-stim.com\/fr\/faq\/\" \/>\n<meta property=\"og:site_name\" content=\"Teenlifting\" \/>\n<meta property=\"article:modified_time\" content=\"2025-03-26T18:33:43+00:00\" \/>\n<meta name=\"twitter:card\" content=\"summary_large_image\" \/>\n<meta name=\"twitter:label1\" content=\"Est. reading time\" \/>\n\t<meta name=\"twitter:data1\" content=\"8 minutes\" \/>\n<script type=\"application\/ld+json\" class=\"yoast-schema-graph\">{\"@context\":\"https:\\\/\\\/schema.org\",\"@graph\":[{\"@type\":\"WebPage\",\"@id\":\"https:\\\/\\\/mail.bell-stim.com\\\/fr\\\/faq\\\/\",\"url\":\"https:\\\/\\\/mail.bell-stim.com\\\/fr\\\/faq\\\/\",\"name\":\"FAQ - Teenlifting\",\"isPartOf\":{\"@id\":\"https:\\\/\\\/mail.bell-stim.com\\\/en\\\/#website\"},\"datePublished\":\"2025-01-08T17:43:55+00:00\",\"dateModified\":\"2025-03-26T18:33:43+00:00\",\"breadcrumb\":{\"@id\":\"https:\\\/\\\/mail.bell-stim.com\\\/fr\\\/faq\\\/#breadcrumb\"},\"inLanguage\":\"fr-FR\",\"potentialAction\":[{\"@type\":\"ReadAction\",\"target\":[\"https:\\\/\\\/mail.bell-stim.com\\\/fr\\\/faq\\\/\"]}]},{\"@type\":\"BreadcrumbList\",\"@id\":\"https:\\\/\\\/mail.bell-stim.com\\\/fr\\\/faq\\\/#breadcrumb\",\"itemListElement\":[{\"@type\":\"ListItem\",\"position\":1,\"name\":\"Po\u010detna stranica\",\"item\":\"https:\\\/\\\/mail.bell-stim.com\\\/fr\\\/\"},{\"@type\":\"ListItem\",\"position\":2,\"name\":\"FAQ\"}]},{\"@type\":\"WebSite\",\"@id\":\"https:\\\/\\\/mail.bell-stim.com\\\/en\\\/#website\",\"url\":\"https:\\\/\\\/mail.bell-stim.com\\\/en\\\/\",\"name\":\"Teenlifting\",\"description\":\"Aktiviraj, ne plastificiraj!\",\"potentialAction\":[{\"@type\":\"SearchAction\",\"target\":{\"@type\":\"EntryPoint\",\"urlTemplate\":\"https:\\\/\\\/mail.bell-stim.com\\\/en\\\/?s={search_term_string}\"},\"query-input\":{\"@type\":\"PropertyValueSpecification\",\"valueRequired\":true,\"valueName\":\"search_term_string\"}}],\"inLanguage\":\"fr-FR\"}]}<\/script>\n<!-- \/ Yoast SEO plugin. -->","yoast_head_json":{"title":"FAQ - Teenlifting","robots":{"index":"index","follow":"follow","max-snippet":"max-snippet:-1","max-image-preview":"max-image-preview:large","max-video-preview":"max-video-preview:-1"},"canonical":"https:\/\/mail.bell-stim.com\/fr\/faq\/","og_locale":"fr_FR","og_type":"article","og_title":"FAQ - Teenlifting","og_description":"Questions fr\u00e9quemment pos\u00e9es &nbsp; G\u00e9n\u00e9rale Affronter Corps","og_url":"https:\/\/mail.bell-stim.com\/fr\/faq\/","og_site_name":"Teenlifting","article_modified_time":"2025-03-26T18:33:43+00:00","twitter_card":"summary_large_image","twitter_misc":{"Est. reading time":"8 minutes"},"schema":{"@context":"https:\/\/schema.org","@graph":[{"@type":"WebPage","@id":"https:\/\/mail.bell-stim.com\/fr\/faq\/","url":"https:\/\/mail.bell-stim.com\/fr\/faq\/","name":"FAQ - Teenlifting","isPartOf":{"@id":"https:\/\/mail.bell-stim.com\/en\/#website"},"datePublished":"2025-01-08T17:43:55+00:00","dateModified":"2025-03-26T18:33:43+00:00","breadcrumb":{"@id":"https:\/\/mail.bell-stim.com\/fr\/faq\/#breadcrumb"},"inLanguage":"fr-FR","potentialAction":[{"@type":"ReadAction","target":["https:\/\/mail.bell-stim.com\/fr\/faq\/"]}]},{"@type":"BreadcrumbList","@id":"https:\/\/mail.bell-stim.com\/fr\/faq\/#breadcrumb","itemListElement":[{"@type":"ListItem","position":1,"name":"Po\u010detna stranica","item":"https:\/\/mail.bell-stim.com\/fr\/"},{"@type":"ListItem","position":2,"name":"FAQ"}]},{"@type":"WebSite","@id":"https:\/\/mail.bell-stim.com\/en\/#website","url":"https:\/\/mail.bell-stim.com\/en\/","name":"Teenlifting","description":"Aktiviraj, ne plastificiraj!","potentialAction":[{"@type":"SearchAction","target":{"@type":"EntryPoint","urlTemplate":"https:\/\/mail.bell-stim.com\/en\/?s={search_term_string}"},"query-input":{"@type":"PropertyValueSpecification","valueRequired":true,"valueName":"search_term_string"}}],"inLanguage":"fr-FR"}]}},"_links":{"self":[{"href":"https:\/\/mail.bell-stim.com\/fr\/wp-json\/wp\/v2\/pages\/2802","targetHints":{"allow":["GET"]}}],"collection":[{"href":"https:\/\/mail.bell-stim.com\/fr\/wp-json\/wp\/v2\/pages"}],"about":[{"href":"https:\/\/mail.bell-stim.com\/fr\/wp-json\/wp\/v2\/types\/page"}],"author":[{"embeddable":true,"href":"https:\/\/mail.bell-stim.com\/fr\/wp-json\/wp\/v2\/users\/3"}],"replies":[{"embeddable":true,"href":"https:\/\/mail.bell-stim.com\/fr\/wp-json\/wp\/v2\/comments?post=2802"}],"version-history":[{"count":6,"href":"https:\/\/mail.bell-stim.com\/fr\/wp-json\/wp\/v2\/pages\/2802\/revisions"}],"predecessor-version":[{"id":2968,"href":"https:\/\/mail.bell-stim.com\/fr\/wp-json\/wp\/v2\/pages\/2802\/revisions\/2968"}],"wp:attachment":[{"href":"https:\/\/mail.bell-stim.com\/fr\/wp-json\/wp\/v2\/media?parent=2802"}],"curies":[{"name":"wp","href":"https:\/\/api.w.org\/{rel}","templated":true}]}}