{"id":1546,"date":"2017-01-29T17:42:06","date_gmt":"2017-01-29T17:42:06","guid":{"rendered":"http:\/\/www.teenlifting.com.hr\/sl\/?page_id=1546"},"modified":"2017-01-30T18:51:40","modified_gmt":"2017-01-30T18:51:40","slug":"teenlifting-medenice","status":"publish","type":"page","link":"https:\/\/mail.bell-stim.com\/sl\/teenlifting-medenice\/","title":{"rendered":"Teenlifting medenice"},"content":{"rendered":"<div class=\"section-full-width section-light-bg\" style=\"background-color:#f7f7f7;\" id=\"teenlifting\u00aestimulacijamedenice\"><div class=\"section-boxed\" style=\"color:#373737;\"><h2 class=\"section-title\" style=\"color:#252525;\">TEENLIFTING\u00ae stimulacija medenice<\/h2><p>TEENLIFTING medenice je nekirur\u0161ki in neinvaziven <strong>postopek krepitve mi\u0161ic medeni\u010dnega dna, mi\u0161ic kolka in notranjih organov medenice<\/strong> (no\u017enice, mehurja &#8230;) z izbolj\u0161ano prekrvaljenostjo in drena\u017eo vseh tkiv.<\/p>\n<p>Ob posvetu (ti so brezpla\u010dni in obvezni) se za postopek TEENLIFTING medenice izpolni vpra\u0161alnik, ki nam pomaga pri diagnosticiranju stanja v medenici (tip inkontinence, zdrs maternice (prolaps uterusa), ob\u010dutljivost kolkov \u2026) in nam omogo\u010da bolj\u0161o spremljavo izbolj\u0161anja stanja v \u010dasu obdelav.<\/p>\n<p>Vse izvide,  ki jih ima stranka, je potrebno prinesti s seboj na posvet.<\/p>\n<p>&nbsp;<\/p>\n<table class=\"table\">\n<thead>\n<tr>\n<th>MESTA OBDELAVE<\/th>\n<th>REAKCIJE IN PRI\u010cAKOVANI REZULTATI<\/th>\n<\/tr>\n<\/thead>\n<tbody>\n<tr>\n<td>SFINKTER MEHURJA<\/td>\n<td>Ob\u010dutek krepitve in kontrole tekom dneva in no\u010di do popolne kontrole sfinktra.<\/td>\n<\/tr>\n<tr>\n<td>MI\u0160ICA MEHURJA<\/td>\n<td>Bolj\u0161a kontrola trenutka hitrega in nezadr\u017enega nagona za uriniranjem, do popolne kontrole.<\/td>\n<\/tr>\n<tr>\n<td>MEDENICA IN KOLKI<\/td>\n<td>Bolj\u0161a \u010dvrstost, stabilnost, gibljivost in hitrost gibov, ob\u010dutek lahkotnosti znotraj same medenice (brez ob\u010dutka napihnjenosti in ote\u010denosti).<\/td>\n<\/tr>\n<tr>\n<td>KOLKI<\/td>\n<td>Bolj\u0161a gibljivost, mo\u010d in stabilnost, izguba bole\u010din, izbolj\u0161ana hitrost gibov.<\/td>\n<\/tr>\n<tr>\n<td>MATERNICA<\/td>\n<td>Izbolj\u0161ana cirkulacija, drena\u017ea in prekrvavitev.<\/td>\n<\/tr>\n<tr>\n<td>PROSTATA<\/td>\n<td>Izbolj\u0161ana cirkulacija, drena\u017ea in prekrvavitev.<\/td>\n<\/tr>\n<tr>\n<td>ANUS<\/td>\n<td>Ja\u010danje kontrole sfinktra anusa.<\/td>\n<\/tr>\n<tr>\n<td>MI\u0160ICE DEBELEGA \u010cREVESJA<\/td>\n<td>Ja\u010danje mi\u0161ic debelega \u010drevesja, redno odvajanje.<\/td>\n<\/tr>\n<tr>\n<td>TRTI\u010cNI IN LUMBALNI DEL HRBTENICE<\/td>\n<td>Izguba bole\u010din ob pove\u010dani stabilnosti in gibljivosti.<\/td>\n<\/tr>\n<tr>\n<td>VENE IN LIMFNI VOZLI MEDENICE<\/td>\n<td>Izguba ote\u010denosti v nogah in medenici, pove\u010dana cirkulacija v nogah, izbolj\u0161ana limfna drena\u017ea v medenici in nogah, pove\u010dana venska cirkulacija.<\/td>\n<\/tr>\n<tr>\n<td>\u017dENSKE \u2212 SEKSUALNA OB\u010cUTLJIVOST<\/td>\n<td>Mo\u010dnej\u0161i, globlji in kvalitetnej\u0161i orgazem.<\/td>\n<\/tr>\n<tr>\n<td>MO\u0160KI \u2013 SEKSUALNA OB\u010cUTLJIVOST<\/td>\n<td>Mo\u010dnej\u0161a, dalj\u0161a in kontrolirana erekcija, pojav spontanih erekcij.<\/td>\n<\/tr>\n<tr>\n<td>OBLIKA IN KREPKOST NOTRANJIH STEGEN IN ZADNJICE<\/td>\n<td>Bolj\u0161a in mo\u010dnej\u0161a oblika notranjih stegen, trebuha in zadnjice.<\/td>\n<\/tr>\n<tr>\n<td>1.\u010cAKRA \u2013 MULADHARA<\/td>\n<td>Kvalitetnej\u0161e spanje, dvig samozavesti.<\/td>\n<\/tr>\n<\/tbody>\n<\/table>\n<p>\n<\/div><\/div>\n<div class=\"section-full-width section-light-bg\" style=\"background-color:#ffffff;\" id=\"kolikoobdelavjepotrebnihinkdajsevidijoprvirezultati\"><div class=\"section-boxed\" style=\"color:#373737;\"><h2 class=\"section-title\" style=\"color:#252525;\">Koliko obdelav je potrebnih in kdaj se vidijo prvi rezultati?<\/h2><p><strong>Priporo\u010dilo je<\/strong> da se za\u010dne z <strong>10 obdelavami<\/strong>, ki se lahko delajo vsakodnevno ali bolj redko, odvisno od cilja. Izbolj\u0161anje nekaterih simptomov (no\u010dno vstajanje zaradi uriniranja, pove\u010dano praznjenje debelega \u010drevesa, ve\u010dja koli\u010dina urina, ob\u010dutek lahkotnosti v medenici &#8230;) se ve\u010dinoma opazi po prvih par postopkih. Izbolj\u0161anje je odvisno od za\u010detnega stanja stranke  in rizi\u010dnih faktorjev (debelost, slaba fizi\u010dna kondicija &#8230;).<\/p>\n<\/div><\/div>\n<div class=\"section-full-width section-light-bg\" style=\"background-color:#f7f7f7;\" id=\"izvediteve\u010doteenlifting-umedenice\"><div class=\"section-boxed\" style=\"color:#373737;\"><h2 class=\"section-title\" style=\"color:#252525;\">Izvedite ve\u010d o TEENLIFTING-u medenice<\/h2><\/p>\n<div class=\"cols-wrapper cols-2\">\n<div class=\"col\">\n<p>&nbsp;<\/p>\n<h2>Uhajanje urina, nezmo\u017enost zadr\u017eevanja urina \u2013 inkontinenca urina<\/h2>\n<p style=\"text-align: left;\">Hiter na\u010din \u017eivljenja, vsakodnevni stres in fizi\u010dna neaktivnost so postali na\u0161a vsakdanjost. Raziskave ka\u017eejo, da so otroci in mlaj\u0161e osebe nezadostno telesno aktivni. To dejstvo trajno vpliva na njihovo celotno  \u017eivljenje, ker sev starej\u0161em obdobju ne da  nadomestiti \u0161tevilnih preventivnih u\u010dinkov gibanja, ki imajo vpliv na vse organe in organske sisteme v telesu. To je razlog, zakaj se premikajo drobne meje nekaterih simptomov in bolezni na vse zgodnej\u0161e obdobje. <strong><em> Uhajanje urina, nezmo\u017enost zadr\u017eevanja urina \u2013 inkontinenca urina <\/em><\/strong>je primer, kjer se je starostno obdobje pri \u017eenskah spustilo na okoli 40. leto \u017eivljenja.<\/p>\n<p>&nbsp;<\/p>\n<blockquote>\n<p>Inkontinenca urina se uspe\u0161no rehabilitira s TEENLIFTING stimulacijo.<\/p>\n<\/blockquote>\n<p>&nbsp;<\/p>\n<h2>Simptomi:<\/h2>\n<ul style=\"padding-left: 60px; text-align: left;\">\n<li>no\u010dno vstajanje zaradi uriniranja<\/li>\n<li>pogostno uriniranje tekom dneva<\/li>\n<li>uriniranje pri kihanju in naporu<\/li>\n<\/ul>\n<p style=\"text-align: left;\">Uriniranje pri kihanju in naporu izginja \u017ee po nekaj prvih obdelavah. Zelo <strong>motivirajo\u010d rezultat<\/strong> elektrostimulacije je <strong>krepitev in oblikovanje mi\u0161ic trebuha, zadnjice in bokov<\/strong>. Priporo\u010dilo je, da se s stimulacijo za\u010dne \u010dim prej, dokler \u0161e ni popustila kompletna mi\u0161i\u010dna vre\u010da, ki dr\u017ei organe v medenici (mehur, maternica in debelo \u010drevo), ker so rezultati vseh drugih metod in aktivna vadba (Keglove vaje) veliko po\u010dasnej\u0161i ali neu\u010dinkovitej\u0161i. Razlog je v tem, da  s TEENLIFTING-om stimuliramo ciljane mi\u0161ice medeni\u010dnega dna in njihovo sinhronizirano kontrakcijo z mi\u0161icami nog, trebuha in hrbta.<\/p>\n<\/div>\n<div class=\"col nomargin\">\n<p>&nbsp;<\/p>\n<h2>VZROKI urinske inkontinence:<\/h2>\n<ul style=\"padding-left: 60px;\">\n<li>kroni\u010dna vnetja se\u010dne cevi<\/li>\n<li>debelost<\/li>\n<li>te\u017eko fizi\u010dno delo<\/li>\n<li>porodna travma<\/li>\n<li>kroni\u010dne bolezni, ki jih spremlja mo\u010dan in dolgotrajen ka\u0161elj<\/li>\n<li>slabost vezivnega tkiva in konstitucija<\/li>\n<li>zdrs maternice<\/li>\n<li>pove\u010dana prostata, karcinom prostate<\/li>\n<li>menopavza<\/li>\n<li>operacije v medeni\u010dni votlini<\/li>\n<li>multipla skleroza, Parkinsonova bolezen, mo\u017eganska kap, po\u0161kodbe hrbtenice<\/li>\n<li>diabetes melitus<\/li>\n<li>stranski u\u010dinki nekaterih zdravil (antidepresivi, antikolinergiki)<\/li>\n<\/ul>\n<h2>VRSTE urinarne inkontinence:<\/h2>\n<ul style=\"padding-left: 60px;\">\n<li><strong><em>stresna inkontinenca <\/em><\/strong><strong>&#8211;<\/strong> je posledica oslabljenih mi\u0161ic medeni\u010dnega dna in je pogostej\u0161a pri \u017eenskah. V za\u010detku se uhajanje urina dogaja v \u010dasu ka\u0161ljanja, kihanja, smejanja ali skakanja, toda kasneje se stanje slab\u0161a do izgube kontrole zadr\u017eevanja urina tudi v le\u017ee\u010dem polo\u017eaju.<\/li>\n<li><strong><em>urgentna inkontinenca &#8211; <\/em><\/strong>je nenadno odtekanje urina, spremljano z mo\u010dnim nagonom po uriniranju.<\/li>\n<li><strong><em>me\u0161ana inkontinenca &#8211;<\/em><\/strong> je kombinacija stresne in urgentne inkontinence.<\/li>\n<li><strong><em>prelivna inkontinenca &#8211; <\/em><\/strong>nastane, ko je se\u010dni mehur preve\u010d raztegnjen in ga je nemogo\u010de izprazniti ter izziva pogosto in nekontrolirano praznjenje. Mehur zna biti tako velik, da ga lahko otipamo nad sramno kostjo.<\/li>\n<li><strong><em>nevrogena inkontinenca &#8211; <\/em><\/strong>nastane pri nekaterih nevrolo\u0161kih boleznih ali oslabitvi funkcije urinskega sfinktra<\/li>\n<\/ul>\n<p style=\"text-align: left;\"><\/div>\n<\/div>\n<div class=\"info-box\" style=\"text-align: center;\"><span class=\"box-icon\">\u00a0<\/span>Kontraindikacije za TEENLIFTING so: Pace maker, epilepsija, nose\u010dnost, operacije (zadnjih \u0161est mesecev).<\/div>\n<p>\n<\/div><\/div>\n<div class=\"section-full-width section-dark\" style=\"background-color:#ffffff;\" id=\"imatevpra\u0161anjaalisi\u017eeliterezerviratitermin\"><div class=\"section-boxed\" style=\"color:#373737;\"><h2 class=\"section-title\" style=\"color:#373737;\">Imate vpra\u0161anja ali si \u017eelite rezervirati termin?<\/h2><h4 style=\"color:#373737;\" class=\"sub-title\">Kontaktirajte nas!<\/h4><\/p>\n<p style=\"text-align: center;\"><a class=\"button\" href=\"http:\/\/www.teenlifting.com.hr\/sl\/kontakt\/\" target=\"_blank\">PO\u0160LJI POVPRA\u0160EVANJE<\/a><\/p>\n<p>\n<\/div><\/div>\n","protected":false},"excerpt":{"rendered":"","protected":false},"author":3,"featured_media":0,"parent":0,"menu_order":0,"comment_status":"closed","ping_status":"closed","template":"template-full-custom.php","meta":{"om_disable_all_campaigns":false,"_monsterinsights_skip_tracking":false,"_monsterinsights_sitenote_active":false,"_monsterinsights_sitenote_note":"","_monsterinsights_sitenote_category":0,"_uf_show_specific_survey":0,"_uf_disable_surveys":false,"footnotes":""},"class_list":["post-1546","page","type-page","status-publish","hentry"],"aioseo_notices":[],"yoast_head":"<!-- This site is optimized with the Yoast SEO plugin v27.4 - https:\/\/yoast.com\/product\/yoast-seo-wordpress\/ -->\n<title>Teenlifting medenice - Teenlifting<\/title>\n<meta name=\"robots\" content=\"index, follow, max-snippet:-1, max-image-preview:large, max-video-preview:-1\" \/>\n<link rel=\"canonical\" href=\"https:\/\/mail.bell-stim.com\/sl\/teenlifting-medenice\/\" \/>\n<meta property=\"og:locale\" content=\"sl_SI\" \/>\n<meta property=\"og:type\" content=\"article\" \/>\n<meta property=\"og:title\" content=\"Teenlifting medenice - Teenlifting\" \/>\n<meta property=\"og:url\" content=\"https:\/\/mail.bell-stim.com\/sl\/teenlifting-medenice\/\" \/>\n<meta property=\"og:site_name\" content=\"Teenlifting\" \/>\n<meta property=\"article:modified_time\" content=\"2017-01-30T18:51:40+00:00\" \/>\n<meta name=\"twitter:card\" content=\"summary_large_image\" \/>\n<meta name=\"twitter:label1\" content=\"Est. reading time\" \/>\n\t<meta name=\"twitter:data1\" content=\"5 minut\" \/>\n<script type=\"application\/ld+json\" class=\"yoast-schema-graph\">{\"@context\":\"https:\\\/\\\/schema.org\",\"@graph\":[{\"@type\":\"WebPage\",\"@id\":\"https:\\\/\\\/mail.bell-stim.com\\\/sl\\\/teenlifting-medenice\\\/\",\"url\":\"https:\\\/\\\/mail.bell-stim.com\\\/sl\\\/teenlifting-medenice\\\/\",\"name\":\"Teenlifting medenice - Teenlifting\",\"isPartOf\":{\"@id\":\"https:\\\/\\\/mail.bell-stim.com\\\/en\\\/#website\"},\"datePublished\":\"2017-01-29T17:42:06+00:00\",\"dateModified\":\"2017-01-30T18:51:40+00:00\",\"breadcrumb\":{\"@id\":\"https:\\\/\\\/mail.bell-stim.com\\\/sl\\\/teenlifting-medenice\\\/#breadcrumb\"},\"inLanguage\":\"sl-SI\",\"potentialAction\":[{\"@type\":\"ReadAction\",\"target\":[\"https:\\\/\\\/mail.bell-stim.com\\\/sl\\\/teenlifting-medenice\\\/\"]}]},{\"@type\":\"BreadcrumbList\",\"@id\":\"https:\\\/\\\/mail.bell-stim.com\\\/sl\\\/teenlifting-medenice\\\/#breadcrumb\",\"itemListElement\":[{\"@type\":\"ListItem\",\"position\":1,\"name\":\"Po\u010detna stranica\",\"item\":\"https:\\\/\\\/mail.bell-stim.com\\\/sl\\\/\"},{\"@type\":\"ListItem\",\"position\":2,\"name\":\"Teenlifting medenice\"}]},{\"@type\":\"WebSite\",\"@id\":\"https:\\\/\\\/mail.bell-stim.com\\\/en\\\/#website\",\"url\":\"https:\\\/\\\/mail.bell-stim.com\\\/en\\\/\",\"name\":\"Teenlifting\",\"description\":\"Aktiviraj, ne plastificiraj!\",\"potentialAction\":[{\"@type\":\"SearchAction\",\"target\":{\"@type\":\"EntryPoint\",\"urlTemplate\":\"https:\\\/\\\/mail.bell-stim.com\\\/en\\\/?s={search_term_string}\"},\"query-input\":{\"@type\":\"PropertyValueSpecification\",\"valueRequired\":true,\"valueName\":\"search_term_string\"}}],\"inLanguage\":\"sl-SI\"}]}<\/script>\n<!-- \/ Yoast SEO plugin. -->","yoast_head_json":{"title":"Teenlifting medenice - Teenlifting","robots":{"index":"index","follow":"follow","max-snippet":"max-snippet:-1","max-image-preview":"max-image-preview:large","max-video-preview":"max-video-preview:-1"},"canonical":"https:\/\/mail.bell-stim.com\/sl\/teenlifting-medenice\/","og_locale":"sl_SI","og_type":"article","og_title":"Teenlifting medenice - Teenlifting","og_url":"https:\/\/mail.bell-stim.com\/sl\/teenlifting-medenice\/","og_site_name":"Teenlifting","article_modified_time":"2017-01-30T18:51:40+00:00","twitter_card":"summary_large_image","twitter_misc":{"Est. reading time":"5 minut"},"schema":{"@context":"https:\/\/schema.org","@graph":[{"@type":"WebPage","@id":"https:\/\/mail.bell-stim.com\/sl\/teenlifting-medenice\/","url":"https:\/\/mail.bell-stim.com\/sl\/teenlifting-medenice\/","name":"Teenlifting medenice - Teenlifting","isPartOf":{"@id":"https:\/\/mail.bell-stim.com\/en\/#website"},"datePublished":"2017-01-29T17:42:06+00:00","dateModified":"2017-01-30T18:51:40+00:00","breadcrumb":{"@id":"https:\/\/mail.bell-stim.com\/sl\/teenlifting-medenice\/#breadcrumb"},"inLanguage":"sl-SI","potentialAction":[{"@type":"ReadAction","target":["https:\/\/mail.bell-stim.com\/sl\/teenlifting-medenice\/"]}]},{"@type":"BreadcrumbList","@id":"https:\/\/mail.bell-stim.com\/sl\/teenlifting-medenice\/#breadcrumb","itemListElement":[{"@type":"ListItem","position":1,"name":"Po\u010detna stranica","item":"https:\/\/mail.bell-stim.com\/sl\/"},{"@type":"ListItem","position":2,"name":"Teenlifting medenice"}]},{"@type":"WebSite","@id":"https:\/\/mail.bell-stim.com\/en\/#website","url":"https:\/\/mail.bell-stim.com\/en\/","name":"Teenlifting","description":"Aktiviraj, ne plastificiraj!","potentialAction":[{"@type":"SearchAction","target":{"@type":"EntryPoint","urlTemplate":"https:\/\/mail.bell-stim.com\/en\/?s={search_term_string}"},"query-input":{"@type":"PropertyValueSpecification","valueRequired":true,"valueName":"search_term_string"}}],"inLanguage":"sl-SI"}]}},"_links":{"self":[{"href":"https:\/\/mail.bell-stim.com\/sl\/wp-json\/wp\/v2\/pages\/1546","targetHints":{"allow":["GET"]}}],"collection":[{"href":"https:\/\/mail.bell-stim.com\/sl\/wp-json\/wp\/v2\/pages"}],"about":[{"href":"https:\/\/mail.bell-stim.com\/sl\/wp-json\/wp\/v2\/types\/page"}],"author":[{"embeddable":true,"href":"https:\/\/mail.bell-stim.com\/sl\/wp-json\/wp\/v2\/users\/3"}],"replies":[{"embeddable":true,"href":"https:\/\/mail.bell-stim.com\/sl\/wp-json\/wp\/v2\/comments?post=1546"}],"version-history":[{"count":4,"href":"https:\/\/mail.bell-stim.com\/sl\/wp-json\/wp\/v2\/pages\/1546\/revisions"}],"predecessor-version":[{"id":1620,"href":"https:\/\/mail.bell-stim.com\/sl\/wp-json\/wp\/v2\/pages\/1546\/revisions\/1620"}],"wp:attachment":[{"href":"https:\/\/mail.bell-stim.com\/sl\/wp-json\/wp\/v2\/media?parent=1546"}],"curies":[{"name":"wp","href":"https:\/\/api.w.org\/{rel}","templated":true}]}}