{"id":1551,"date":"2017-01-29T18:21:15","date_gmt":"2017-01-29T18:21:15","guid":{"rendered":"http:\/\/www.teenlifting.com.hr\/sl\/?page_id=1551"},"modified":"2017-01-30T18:51:11","modified_gmt":"2017-01-30T18:51:11","slug":"teenlifting-platizme","status":"publish","type":"page","link":"https:\/\/mail.bell-stim.com\/sl\/teenlifting-platizme\/","title":{"rendered":"Teenlifting platizme"},"content":{"rendered":"<div class=\"section-full-width section-light-bg\" style=\"background-color:#f7f7f7;\" id=\"teenlifting\u00aeplatizme\"><div class=\"section-boxed\" style=\"color:#373737;\"><h2 class=\"section-title\" style=\"color:#252525;\">TEENLIFTING\u00ae Platizme<\/h2><p><strong>TEENLIFTING\u00ae Platizme <\/strong>se razlikuje od drugih kozmeti\u010dnih metod, ker edina <strong>deluje na mi\u0161ico, ko\u017eo in kosti isto\u010dasno,<\/strong> kar krepi tudi zdravje osebe, in ni bole\u010da. To je <em>edinstvena inovativna metoda<\/em> na svetovnem tr\u017ei\u0161\u010du, ker uporablja specialno oblikovane elektrode za stimulacijo velikih skupin mi\u0161ic. <strong>Elektrostimulacije mi\u0161ic Platizme<\/strong>, ki jih ponujajo na tr\u017ei\u0161\u010du, le-to samo delno stimulirajo in to samo na posameznih mestih. Tak\u0161na stimulacija je preintenzivna za ta mesta in isto\u010dasno preslaba za celo mi\u0161ico in za doseganje maksimalnih rezultatov. Izvaja se z napravo za elektrostimulacijo mi\u0161ic in akupunkturnih to\u010dk.<br \/>\nTEENLIFTING Platizme je elektrostimulacija vseh mi\u0161ic vratu podbradka, ust in lic z namenom: u\u010dvrstitve vratu, izgube podbradka, poudarjanja brade in ust, dviga lic, o\u017eanja obraza in vratu, dviga tonusa mi\u0161ic in ko\u017ee, zmanj\u0161anja podo\u010dnjakov, zmanj\u0161anja ote\u010denosti vek, krepitve \u010deljustnega sklepa, rehabilitacije smr\u010danja.<\/p>\n<p>&nbsp;<\/p>\n<div class=\"services-wrapper services-boxed-photo cols-wrapper cols-3\"><div class=\"services-box col\"><div class=\"img-container\"><img decoding=\"async\" src=\"https:\/\/teenlifting.com.hr\/content\/uploads\/2016\/09\/misici_2.jpg\" alt=\"Kro\u017ene mi\u0161ice o\u010di in ust\"\/><\/div><div class=\"services-content\"><div class=\"sc-wraper\"><h3>Kro\u017ene mi\u0161ice o\u010di in ust<\/h3><\/div><\/div><\/div><div class=\"services-box col\"><div class=\"img-container\"><img decoding=\"async\" src=\"https:\/\/teenlifting.com.hr\/content\/uploads\/2016\/09\/misici_3.jpg\" alt=\"Mi\u0161ica Platizma\"\/><\/div><div class=\"services-content\"><div class=\"sc-wraper\"><h3>Mi\u0161ica Platizma<\/h3><\/div><\/div><\/div><div class=\"services-box col nomargin\"><div class=\"img-container\"><img decoding=\"async\" src=\"https:\/\/teenlifting.com.hr\/content\/uploads\/2016\/09\/misici_1.jpg\" alt=\"Mi\u0161ice celega obraza in vratu\"\/><\/div><div class=\"services-content\"><div class=\"sc-wraper\"><h3>Mi\u0161ice celega obraza in vratu<\/h3><\/div><\/div><\/div><div class=\"clear\"><\/div><\/div>\n<p><strong>Mi\u0161ica platizma (Musculus platysma \u2212 \u0161iroka ko\u017ena mi\u0161ica vratu)<\/strong> je izredno ne\u017ene strukture, je velike povr\u0161ine in<strong> pokriva vrat <\/strong>spredaj in s strani. Mi\u0161ica izhaja iz ramena in globokega dekolteja s sprednje strani (fascie Musculus deltoideusa in Musculus pectoralisa majora) in pomaga pri spu\u0161\u010danju spodnje \u010deljusti in koti\u010dkov ustnic navzdol. Kon\u010da se kri\u017eno \u010dez brado, povezujo\u010d se z mi\u0161icami obraza in s ko\u017eo v vi\u0161ini koti\u010dkov ustnic in kosti spodnje \u010deljusti. S kr\u010denjem zateguje ko\u017eo navzgor. S sprednje strani <strong>platizma<\/strong> ne pokriva <strong>spodnje tretjine vratu<\/strong>.<\/p>\n<p>Platizma slu\u017ei za izra\u017eanje napetosti ali stresa. S kontrakcijo ustvarja vertikalne gube na vratu.<\/p>\n<p>Platizma \u017ee pri 20-ih letih za\u010denja izgubljati svojo mo\u010d zaradi svoje ne\u017ene zgradbe in v primerjavi z drugimi mi\u0161icami potrebuje pogostej\u0161e treninge. S pogostimi treningi se tem te\u017eavam izognemo oz. mi\u0161ico hitro oja\u010damo z namenom, da rezultat traja \u010dim dlje.<\/p>\n<p><strong>Na\u010din stimulacije platizme je pomemben v doseganju rezultatov pri o\u017eanju vratu, zmanj\u0161anju podbradka in dvigovanju ust in obraza.<\/strong><\/p>\n<p>\n<\/div><\/div>\n<div class=\"section-full-width section-light-bg\" style=\"background-color:#ffffff;\" id=\"alisezavedatedajenajpogostej\u0161iestetskiproblemkisepojavipo25-emletupodbradekinpadanjespodnjegadelalic\"><div class=\"section-boxed\" style=\"color:#373737;\"><h2 class=\"section-title\" style=\"color:#252525;\">Ali se zavedate, da je najpogostej\u0161i estetski problem, ki se pojavi po 25-em letu, podbradek in padanje spodnjega dela lic?<\/h2><p>Gube nas za\u010denjajo skrbeti \u0161ele kasneje, ker nastajajo v 30-ih letih. Mnogi mislijo, da podbradek najstaja primarno zaradi \u010dezmerne telesne te\u017ee in v starej\u0161ih letih. Zaradi izgube hormona rasti \u017ee pri 20-ih letih se podbradek za\u010denja opu\u0161\u010dati. Svetovna metoda inovatorke dr. Sanje Malba\u0161e Go\u0161ovi\u0107,<strong> TEENLIFTING elektrostimulacija Platizme<\/strong>, deluje kot fitnes za va\u0161 obraz. S TEENLIFTING-om platizme dosegamo <strong>vidni dvig tonusa mi\u0161ic in ko\u017ee<\/strong>, isto\u010dasno zmanj\u0161anje podbradka ob dvigu ustnic in lic ter o\u017eanje obraza in vratu. Platizma je mi\u0161ica, ki pokriva cel vrat, podbradek in spodnji del obraza.<\/strong>.<\/p>\n<p><strong>Elektrostimulacije mi\u0161ic platizme<\/strong> ki so na trgu, jo le delno stimulirajo in to samo na posameznih mestih. Tak\u0161na stimulacija je preintenzivna za ta mesta, a isto\u010dasno preslaba za celotno mi\u0161ico in za doseganje maksimalnih rezultatov.<\/p>\n<p><strong>TEENLIFTING Platizme \u2212 podbradka, vratu in spodnjega dela obraza z edinstvenimi elektrodami ciljno, povezano in sinhrono deluje na kompletno mi\u0161ico platizme, kro\u017eno mi\u0161ico ust, mi\u0161ice brade in lic. Na naraven in zdrav na\u010din se izgublja podbradek brez uporabe no\u017ea (ali drugih operativnih posegov) z ugodno in nebole\u010do stimulacijo.<\/strong><\/p>\n<p>S popu\u0161\u010danjem tonusa se ko\u017ea na spodnjem delu lic raztegne, visi, polprofil spodnje \u010deljusti ni ve\u010d izrazit, nastajajo \u00bbvre\u010dke\u00ab  pod  \u010deljustjo in v koti\u010dkih ustnic, guba med ustnicami in lici se poglablja (nasolabialna guba) in nastaja sprememba, ki vpliva na izgled in izraz celotnega obraza. Podbradek se najpogosteje pojavlja pri ljudeh, ki so nagnjeni k debelosti, in pri starej\u0161i populaciji, kar pa ni nujno. Je vse pogostej\u0161i pojav tudi pri osebah mlaj\u0161e in srednje dobe in predstavlja veliko estetsko te\u017eavo.<\/p>\n<p>&nbsp;<\/p>\n<p><strong>Estetske te\u017eave podbradka so povro\u010dene s:<\/strong><\/p>\n<ol style=\"padding-left: 60px;\">\n<li>Fiziolo\u0161kim, naravnim zmanj\u0161anjem izlo\u010danja hormonov, ki stimulirajo tonus mi\u0161ic in ko\u017ee (npr. hormon rasti se hitro zmanj\u0161uje \u017ee pri 20-ih).<\/li>\n<li>Kopi\u010denjem ma\u0161\u010dobnega tkiva na vratu, pod brado.<\/li>\n<li>Popu\u0161\u010danjem tonusa mi\u0161ice platizme (tankega sloja mi\u0161ice, ume\u0161\u010dene pod ko\u017eo brade, spodnjega dela obraza, podbradka in vratu) in Musculus omohyoideusa.<\/li>\n<li>Z izgubo elasti\u010dnosti ko\u017ee na tem delu vratu. Ko\u017ea je na vratu slab\u0161e prekrvavljena, z malo lojnic in znojnic, je tanka in ne\u017ena  ter nagnjena k rde\u010dici. V kolikor je ro\u017eevinast sloj presuh, ko\u017ea postaja hrapava in neelasti\u010dna.<\/li>\n<\/ol>\n<p>\n<\/div><\/div>\n<div class=\"section-full-width section-light-bg\" style=\"background-color:#f7f7f7;\" id=\"izvediteve\u010doteenlifting-uplatizme\"><div class=\"section-boxed\" style=\"color:#373737;\"><h2 class=\"section-title\" style=\"color:#252525;\">Izvedite ve\u010d o TEENLIFTING-u platizme<\/h2><\/p>\n<div class=\"cols-wrapper cols-2\">\n<div class=\"col\">\n<p>&nbsp;<\/p>\n<h2>Kdaj lahko pri\u010dakujemo vidne rezultate?<\/h2>\n<p><strong>(u\u010dvrstitve vratu, izgube podbradka, poudarjanja brade in ust, dviga lic, o\u017eanja obraza in vratu, dviga tonusa mi\u0161ic in ko\u017ee, zmanj\u0161anja podo\u010dnjakov, zmanj\u0161anja ote\u010denosti vek)<\/strong><\/p>\n<p>Po le nekaj TEENLIFTING stimulacij platizme se lahko ob\u010duti \u00bbmuskel fiber\u00ab (vnetje mi\u0161ic) na delu pod spodnjo \u010deljustjo ali na spodnjem delu obraza. Pojav \u00bbmuskel fibra\u00ab je individualen in je odvisen od za\u010detnega stanja in tonusa mi\u0161ic, intenzivnosti stimulacije, dol\u017eine in pogostnosti treniranja. V kolikor se pojavi, se  treningi lahko nadaljujejo z manj\u0161o intenzivnostjo ali za  kak\u0161en dan naredimo pavzo.<\/p>\n<p>\u010ceprav se platizma in ostale mi\u0161ice intenzivno trenirajo, so <strong>za\u010detni vidni rezultati <\/strong> odvisni od stanja ko\u017ee in podbradka, ki se ka\u017ee v obliki vise\u010de vre\u010de. <strong>Intenzivna cirkulacija in drena\u017ea<\/strong> izbolj\u0161ujeta kvaliteto ko\u017ee. Ko\u017ea je na podbradku in vratu tanka in ob\u010dutljiva, velikokrat po\u0161kodovana zaradi izpostavljenosti soncu. Vodoravne gube po sredi vratu, ki so medsebojno vzporedne, se s TEENLIFTING-om Platizme odpirajo, a hitrost izgube je odvisna od \u0161tevila treningov, starosti, kvalitete ko\u017ee itd.<\/p>\n<p>Bolj elasti\u010dna ko\u017ea se hitro prilagaja novi obliki vratu, podbradku in obrazu.<\/p>\n<p>Ravno iz teh razlogov je priporo\u010dljivo, da se za\u010dne s <strong>TEENLIFTING stimulacijo pred 30-im letom starosti<\/strong>, ko se \u0161ele za\u010denja oslabitev platizme, ko\u017ea pa je elasti\u010dna, zato so rezultati hitri. Z vzdr\u017eevanjem tonusa mi\u0161ic z rednim ritmom treniranja od 20-40-krat letno bo oseba imela popoln vrat, podbradek, usta in lica do konca \u017eivljenja.<\/p>\n<p>Rezultate v tej, kakor tudi v starej\u0161i dobi, lahko upo\u010dasni debelost. Mastno tkivo se ne more odstraniti s stimulacijo TEENLIFTING platizme.<\/p>\n<p>Stranke v 50-ih letih ali starej\u0161e lahko pri\u010dajukejo po\u010dasnej\u0161e rezultate, ki so odvisni od elasti\u010dnosti ko\u017ee, \u010deprav to ni pravilo.<\/p>\n<p>V \u010dasu TEENLIFTING-a platizme se <strong>ko\u017eo<\/strong> lahko <strong>tretira in neguje z vsemi kozmeti\u010dnimi postopki<\/strong> (RF, LPG, laser, IPL, AHA \u2026).<\/p>\n<p>&nbsp;<\/p>\n<blockquote>\n<p>Vsi postopki na ko\u017ei lako pospe\u0161ijo ali pripomorejo k vidnim rezultatom novih oblik mi\u0161ic, ampak nobeden od njih ne more oblikovati mi\u0161ice.<\/p>\n<\/blockquote>\n<p>&nbsp;<\/p>\n<p>V kolikor ne izvajamo dodatnih postopkov na ko\u017ei, se bo le-ta naravno \u00bbskr\u010dila\u00ab in oblikovala v obdobju  nekaj dni ali mesecev glede na novo stanje mi\u0161ic. Ko\u017ea se obnavlja vsakodnevno, a \u00bbcelotna\u00ab obnova ko\u017ee traja 30 dni, v 30-ih letih se ta \u010das podalj\u0161uje s staranjem do 60 dni v 70-ih letih. Iz tega razloga je tudi rezultat vidnej\u0161i po 5-6 dnevih od zadnjega treninga. Lahko se zgodi, da je takoj po treningu opaziti \u00bbvi\u0161ek\u00ab ko\u017ee na nekaterih mestih, kar je logi\u010dno, ker se mi\u0161ice hitro skr\u010dijo  in oblikujejo,  ko\u017ea pa ostane \u00bbprazna\u00ab, tj. brez podpore upadle mi\u0161ice, zato izgleda, kot da je je ve\u010d.<\/p>\n<p>V kolikor se za nekaj \u010dasa preneha trenirati, mi\u0161ice \u0161e dolgo zadr\u017eijo \u010dvrstost in obliko. Ker z elektrostimulacijo ne \u00bbbildamo\u00ab mi\u0161ic in ne pove\u010dujemo njihovega volumna,  ni niti pojava \u00bbslab\u0161ega stanja\u00ab po treniranju.<\/p>\n<\/div>\n<div class=\"col nomargin\">\n<p>&nbsp;<\/p>\n<p>OPOZARITI PA VELJA VSE OSEBE:<\/p>\n<ul style=\"padding-left: 60px;\">\n<li>ki so na dieti in sku\u0161ajo reducirati telesno te\u017eo<\/li>\n<li>ki spontano izgubljajo te\u017eo<\/li>\n<li>ki za\u010denjajo s treningi ravno po huj\u0161anju 5 kg ali ve\u010d,<br \/>\nda morajo ritem treniranja <strong>upo\u010dasniti!<\/strong><\/li>\n<\/ul>\n<p>IDEALEN RITEM TRENIRANJA:<\/p>\n<ul style=\"padding-left: 60px;\">\n<li>4-krat letno 10 zaporednih treningov (vsakodnevno ali vsak drugi dan), ob vzdr\u017eevanju 1-krat tedensko v preostalih mesecih<\/li>\n<\/ul>\n<p>POVPRE\u010cEN RITEM TRENIRANJA:<\/p>\n<ul style=\"padding-left: 60px;\">\n<li>2-krat letno 10 zaporednih treningov, ob vzdr\u017eevanju 1-krat mese\u010dno<\/li>\n<li>3-krat letno 5 zaporednih treningov brez mese\u010dnih treningov<\/li>\n<\/ul>\n<p>MINIMALEN RITEM TRENIRANJA:<\/p>\n<ul style=\"padding-left: 60px;\">\n<li>2 do 3 dvojna treninga (vikend) 2-krat letno<\/li>\n<\/ul>\n<p>Prve rezultate lahko pri\u010dakujemo po petem  treningu, pri mlaj\u0161ih osebah so vidni \u017ee po prvem.<\/p>\n<p>&nbsp;<\/p>\n<blockquote>\n<p>Kako TEENLIFTING platizme izbolj\u0161uje Va\u0161e zdravje?<br \/>\nVpliv TEENLIFTING stimulacije na \u010deljustna sklepa in glavobol.<\/p>\n<\/blockquote>\n<p>&nbsp;<\/p>\n<p>Pred u\u0161esi se nahajata \u010deljustna sklepa  (TMS-temperomandibularni sklep), ki sen\u010dno kost zdru\u017eujeta s spodnjo \u010deljustjo. Povezujejo jih tetive, ligamenti in mi\u0161ice, odgovorne za premikanje sklepa.<\/p>\n<p>Ena od motenj TMS je mi\u0161i\u010dna napetost, kr\u010denje samo dolo\u010denih \u010deljustnih mi\u0161ic, povzro\u010deno s psiholo\u0161ko komponento  \u2013 stresom.<br \/>\nEden od simptomov teh kr\u010denj je glavobol, ki ne reagira na obi\u010dajno zdravljenje. Glavobol se pojavlja zjutraj (po intenzivnem no\u010dnem kr\u010denju mi\u0161ic med spanjem) ali po stresnih situacijah tekom dneva.<\/p>\n<p>TEENLIFTING rehabilitira bole\u010dino in glavobol z vadbo vseh mi\u0161ic, \u00bbrazbija\u00ab kr\u010denje in bole\u010dino v dolo\u010denih mi\u0161icah ter izbolj\u0161uje prekrvavitev in cirkulacijo mi\u0161ic, ko\u017ee in kosti \u010deljusti.<\/p>\n<h2>Vpliv TEENLIFTING-a platizme na obnavljanje kostne mase \u010deljusti in lic.<\/h2>\n<p>Sestava in metabolno ravnote\u017eje kosti sta odvisna od aktivnosti mi\u0161ic ter od trenutka delovanja pritiska in vleka tetivnih prijemali\u0161\u010d na kost. Mi\u0161i\u010dna aktivnost upo\u010dasnjuje proces osteoporoze s stalnim stimuliranjem kosti na njeno obnavljanje (od katerega je kostno obnavljanje fiziolo\u0161ko odvisno).<\/p>\n<p>Ravno iz  tega razloga postaja TEENLIFTING platizme eden od klju\u010dnih <strong>tretmajev prevntive in rehabilitacije osteoporoze kosti \u010deljusti in lic.<\/strong>.<\/p>\n<h2>Vpliv stimulacije Teenlifting platizme na rehabilitacijo smr\u010danja<\/h2>\n<p>Vzrok smr\u010danja je o\u017eanje prehoda zraka skozi nos in\/ali usta. TEENLIFTING PLATIZME uspe\u0161no rehabilitira smr\u010danje v primerih, ko je:<\/p>\n<ul style=\"padding-left: 60px;\">\n<li>vzrok o\u017eanja prehoda skozi nos povzro\u010den zaradi ote\u010denosti sluznice pri alergijah ali pri vnetjih zgornjih dihalnih poti. TEENLIFTING PLATIZME intenzivno drenira otekla tkiva.<\/li>\n<li>vzrok o\u017eanja prehoda skozi usta povzro\u010den z zmanj\u0161anjem tonusa mi\u0161ic jezika, mehkega neba in \u017erela, kar dovoljuje jeziku, da se spusti nazaj v dihalne poti. To je lahko posledica staranja, alkoholizma, tablet za spanje \u2026 TEENLIFTING PLATIZME okrepi tonus vseh navedenih mi\u0161ic in tako ne dovoljuje njihovega premikanja.<\/li>\n<\/ul>\n<\/div>\n<\/div>\n<div class=\"info-box\" style=\"text-align: center;\"><span class=\"box-icon\">\u00a0<\/span>Kontraindikacije za TEENLIFTING so: Pace maker, epilepsija, nose\u010dnost, operacije (zadnjih \u0161est mesecev).<\/div>\n<p>\n<\/div><\/div>\n<div class=\"section-full-width section-dark\" style=\"background-color:#ffffff;\" id=\"imatevpra\u0161anjaalisi\u017eeliterezerviratitermin\"><div class=\"section-boxed\" style=\"color:#373737;\"><h2 class=\"section-title\" style=\"color:#373737;\">Imate vpra\u0161anja ali si \u017eelite rezervirati termin?<\/h2><h4 style=\"color:#373737;\" class=\"sub-title\">Kontaktirajte nas!<\/h4><\/p>\n<p style=\"text-align: center;\"><a class=\"button\" href=\"http:\/\/www.teenlifting.com.hr\/sl\/kontakt\/\" target=\"_blank\">PO\u0160LJI POVPRA\u0160EVANJE<\/a><\/p>\n<p>\n<\/div><\/div>\n","protected":false},"excerpt":{"rendered":"","protected":false},"author":3,"featured_media":0,"parent":0,"menu_order":0,"comment_status":"closed","ping_status":"closed","template":"template-full-custom.php","meta":{"om_disable_all_campaigns":false,"_monsterinsights_skip_tracking":false,"_monsterinsights_sitenote_active":false,"_monsterinsights_sitenote_note":"","_monsterinsights_sitenote_category":0,"_uf_show_specific_survey":0,"_uf_disable_surveys":false,"footnotes":""},"class_list":["post-1551","page","type-page","status-publish","hentry"],"aioseo_notices":[],"yoast_head":"<!-- This site is optimized with the Yoast SEO plugin v27.4 - https:\/\/yoast.com\/product\/yoast-seo-wordpress\/ -->\n<title>Teenlifting platizme - Teenlifting<\/title>\n<meta name=\"robots\" content=\"index, follow, max-snippet:-1, max-image-preview:large, max-video-preview:-1\" \/>\n<link rel=\"canonical\" href=\"https:\/\/mail.bell-stim.com\/sl\/teenlifting-platizme\/\" \/>\n<meta property=\"og:locale\" content=\"sl_SI\" \/>\n<meta property=\"og:type\" content=\"article\" \/>\n<meta property=\"og:title\" content=\"Teenlifting platizme - Teenlifting\" \/>\n<meta property=\"og:url\" content=\"https:\/\/mail.bell-stim.com\/sl\/teenlifting-platizme\/\" \/>\n<meta property=\"og:site_name\" content=\"Teenlifting\" \/>\n<meta property=\"article:modified_time\" content=\"2017-01-30T18:51:11+00:00\" \/>\n<meta name=\"twitter:card\" content=\"summary_large_image\" \/>\n<meta name=\"twitter:label1\" content=\"Est. reading time\" \/>\n\t<meta name=\"twitter:data1\" content=\"10 minut\" \/>\n<script type=\"application\/ld+json\" class=\"yoast-schema-graph\">{\"@context\":\"https:\\\/\\\/schema.org\",\"@graph\":[{\"@type\":\"WebPage\",\"@id\":\"https:\\\/\\\/mail.bell-stim.com\\\/sl\\\/teenlifting-platizme\\\/\",\"url\":\"https:\\\/\\\/mail.bell-stim.com\\\/sl\\\/teenlifting-platizme\\\/\",\"name\":\"Teenlifting platizme - Teenlifting\",\"isPartOf\":{\"@id\":\"https:\\\/\\\/mail.bell-stim.com\\\/en\\\/#website\"},\"datePublished\":\"2017-01-29T18:21:15+00:00\",\"dateModified\":\"2017-01-30T18:51:11+00:00\",\"breadcrumb\":{\"@id\":\"https:\\\/\\\/mail.bell-stim.com\\\/sl\\\/teenlifting-platizme\\\/#breadcrumb\"},\"inLanguage\":\"sl-SI\",\"potentialAction\":[{\"@type\":\"ReadAction\",\"target\":[\"https:\\\/\\\/mail.bell-stim.com\\\/sl\\\/teenlifting-platizme\\\/\"]}]},{\"@type\":\"BreadcrumbList\",\"@id\":\"https:\\\/\\\/mail.bell-stim.com\\\/sl\\\/teenlifting-platizme\\\/#breadcrumb\",\"itemListElement\":[{\"@type\":\"ListItem\",\"position\":1,\"name\":\"Po\u010detna stranica\",\"item\":\"https:\\\/\\\/mail.bell-stim.com\\\/sl\\\/\"},{\"@type\":\"ListItem\",\"position\":2,\"name\":\"Teenlifting platizme\"}]},{\"@type\":\"WebSite\",\"@id\":\"https:\\\/\\\/mail.bell-stim.com\\\/en\\\/#website\",\"url\":\"https:\\\/\\\/mail.bell-stim.com\\\/en\\\/\",\"name\":\"Teenlifting\",\"description\":\"Aktiviraj, ne plastificiraj!\",\"potentialAction\":[{\"@type\":\"SearchAction\",\"target\":{\"@type\":\"EntryPoint\",\"urlTemplate\":\"https:\\\/\\\/mail.bell-stim.com\\\/en\\\/?s={search_term_string}\"},\"query-input\":{\"@type\":\"PropertyValueSpecification\",\"valueRequired\":true,\"valueName\":\"search_term_string\"}}],\"inLanguage\":\"sl-SI\"}]}<\/script>\n<!-- \/ Yoast SEO plugin. -->","yoast_head_json":{"title":"Teenlifting platizme - Teenlifting","robots":{"index":"index","follow":"follow","max-snippet":"max-snippet:-1","max-image-preview":"max-image-preview:large","max-video-preview":"max-video-preview:-1"},"canonical":"https:\/\/mail.bell-stim.com\/sl\/teenlifting-platizme\/","og_locale":"sl_SI","og_type":"article","og_title":"Teenlifting platizme - Teenlifting","og_url":"https:\/\/mail.bell-stim.com\/sl\/teenlifting-platizme\/","og_site_name":"Teenlifting","article_modified_time":"2017-01-30T18:51:11+00:00","twitter_card":"summary_large_image","twitter_misc":{"Est. reading time":"10 minut"},"schema":{"@context":"https:\/\/schema.org","@graph":[{"@type":"WebPage","@id":"https:\/\/mail.bell-stim.com\/sl\/teenlifting-platizme\/","url":"https:\/\/mail.bell-stim.com\/sl\/teenlifting-platizme\/","name":"Teenlifting platizme - Teenlifting","isPartOf":{"@id":"https:\/\/mail.bell-stim.com\/en\/#website"},"datePublished":"2017-01-29T18:21:15+00:00","dateModified":"2017-01-30T18:51:11+00:00","breadcrumb":{"@id":"https:\/\/mail.bell-stim.com\/sl\/teenlifting-platizme\/#breadcrumb"},"inLanguage":"sl-SI","potentialAction":[{"@type":"ReadAction","target":["https:\/\/mail.bell-stim.com\/sl\/teenlifting-platizme\/"]}]},{"@type":"BreadcrumbList","@id":"https:\/\/mail.bell-stim.com\/sl\/teenlifting-platizme\/#breadcrumb","itemListElement":[{"@type":"ListItem","position":1,"name":"Po\u010detna stranica","item":"https:\/\/mail.bell-stim.com\/sl\/"},{"@type":"ListItem","position":2,"name":"Teenlifting platizme"}]},{"@type":"WebSite","@id":"https:\/\/mail.bell-stim.com\/en\/#website","url":"https:\/\/mail.bell-stim.com\/en\/","name":"Teenlifting","description":"Aktiviraj, ne plastificiraj!","potentialAction":[{"@type":"SearchAction","target":{"@type":"EntryPoint","urlTemplate":"https:\/\/mail.bell-stim.com\/en\/?s={search_term_string}"},"query-input":{"@type":"PropertyValueSpecification","valueRequired":true,"valueName":"search_term_string"}}],"inLanguage":"sl-SI"}]}},"_links":{"self":[{"href":"https:\/\/mail.bell-stim.com\/sl\/wp-json\/wp\/v2\/pages\/1551","targetHints":{"allow":["GET"]}}],"collection":[{"href":"https:\/\/mail.bell-stim.com\/sl\/wp-json\/wp\/v2\/pages"}],"about":[{"href":"https:\/\/mail.bell-stim.com\/sl\/wp-json\/wp\/v2\/types\/page"}],"author":[{"embeddable":true,"href":"https:\/\/mail.bell-stim.com\/sl\/wp-json\/wp\/v2\/users\/3"}],"replies":[{"embeddable":true,"href":"https:\/\/mail.bell-stim.com\/sl\/wp-json\/wp\/v2\/comments?post=1551"}],"version-history":[{"count":6,"href":"https:\/\/mail.bell-stim.com\/sl\/wp-json\/wp\/v2\/pages\/1551\/revisions"}],"predecessor-version":[{"id":1619,"href":"https:\/\/mail.bell-stim.com\/sl\/wp-json\/wp\/v2\/pages\/1551\/revisions\/1619"}],"wp:attachment":[{"href":"https:\/\/mail.bell-stim.com\/sl\/wp-json\/wp\/v2\/media?parent=1551"}],"curies":[{"name":"wp","href":"https:\/\/api.w.org\/{rel}","templated":true}]}}