{"id":1568,"date":"2017-01-29T20:11:19","date_gmt":"2017-01-29T20:11:19","guid":{"rendered":"http:\/\/www.teenlifting.com.hr\/sl\/?page_id=1568"},"modified":"2017-07-14T16:16:59","modified_gmt":"2017-07-14T16:16:59","slug":"o-nas","status":"publish","type":"page","link":"https:\/\/mail.bell-stim.com\/sl\/o-nas\/","title":{"rendered":"O nas"},"content":{"rendered":"<div class=\"section-full-width section-light-bg\" style=\"background-color:#f7f7f7;\" id=\"teenliftingtim\"><div class=\"section-boxed\" style=\"color:#373737;\"><h2 class=\"section-title\" style=\"color:#252525;\">TEENLIFTING tim<\/h2><p><img decoding=\"async\" class=\"img-frame alignleft\" src=\"https:\/\/teenlifting.com.hr\/content\/uploads\/2016\/03\/sanja.jpg\" \/>Dr.Sanja Malba\u0161a Go\u0161ovi\u0107, zdravnica splo\u0161ne prakse, spec. akupunturolog in kozmetolog, je 1990. leta razvila metodo z za\u0161\u010diteno blagovno znamko TEENLIFTING\u00ae, katero \u0161e naprej razvija. Na svetovnem tr\u017ei\u0161\u010du je to edinstvena <strong>naravna metoda stimulacije vseh mi\u0161ic telesa in obraza<\/strong> isto\u010dasno, oziroma stimulacija velikih skupin mi\u0161ic, za kar se uporabljajo posebne in novooblikovane elektrode, kot tudi standardne elektrode, postavljene z nestandardno metodo z namenom doseganja kvalitetnej\u0161ih in u\u010dinkovitej\u0161ih rezultatov. TEENLIFTING\u00ae sistem je za\u0161\u010diten na Hrva\u0161kem, Kitajskem, v Evropski uniji, ZDA in v drugih dr\u017eavah.<\/p>\n<p>Danes ob zdravnici v <a href=\"http:\/\/www.teenlifting.com.hr\/sl\/kontakt\/\" target=\"_blank\" rel=\"noopener noreferrer\">TEENLIFTING Centru v Zagrebu<\/a> dela strokovna skupina fizioterapevtov, ki ponuja vrhunsko kvaliteto uslug. S konstantimi inovacijami in izbolj\u0161avami rezultatov in kvalitete uslug \u017eelimo pri vseh na\u0161ih strankah dose\u010di zadovoljstvo. Uspeh in vrhunske rezultate TEENLIFTING-a odra\u017eajo ravno na\u0161e zveste in dolgoletne stranke. S ciljem \u0161iritve TEENLIFTING sistema isto\u010dasne ohranitve kvalitete uslug in kvalitetnega poslovanja smo v letu 2016 osnovali podjetje za TEENLIFTING fran\u0161izo. K temu nas je spodbudil dosedanji uspeh fran\u0161iz, tako je TEENLIFTING Centar prisoten v Beogradu, Ljubljani, Splitu in Zagrebu. Za cilj smo si zadali, da bomo v prihodnosti raz\u0161irili TEENLIFTING sistem v razli\u010dne dr\u017eave po svetu.<\/p>\n<p>TEENLIFTING\u00ae stimulacija je <strong>elektrostimulacija mi\u0161ic obraza in vratu, telesa in medenice,<\/strong> trening \u2013 krepitev mi\u0161ic, stimulacija akupunkturnih to\u010dk, rehabilitacija, drena\u017ea in mo\u010dnej\u0161a cirkulacija stimuliranega tkiva, <strong>pomlajevanje, oblikovanje, lifting<\/strong> ter globoko stanje sprostitve.<\/p>\n<p>&nbsp;<\/p>\n<p>S TEENLIFTING\u00ae aparati za elektrostimulacijo mi\u0161ic, revitalizacijo mi\u0161ic in stimulacijo akupunkturnih to\u010dk se dosegajo izjemno dobri rezultati v:<\/p>\n<ul style=\"padding-left: 60px;\">\n<li><strong>Kozmetiki<\/strong> (pomlajevanju) obraza in telesa<\/li>\n<li><strong>Preventivi <\/strong>(vzdr\u017eevanju) dobre mi\u0161i\u010dne kondicije obraza in telesa pri \u0161portnikih, osebah starej\u0161e \u017eivljenjske dobe in ostalih<\/li>\n<li><strong>Rehabilitaciji<\/strong> (tretiranje migren, glavobolov, sinusitisa, navralgij, Bellove pareze (n.facialis), mialgij, po\u0161kodovanih perifernih cirkulacij, kr\u010dev, cerebralne paralize, atrofije mi\u0161ic, artroze kolen in kolkov, bole\u010din v lumbelnem in vratnem delu hrbtenice, inkontinence, impotence in dr.)<\/li>\n<\/ul>\n<p>\n<\/div><\/div>\n<div class=\"section-full-width section-light-bg\" style=\"background-color:#ffffff;\" id=\"misijaivizija\"><div class=\"section-boxed\" style=\"color:#373737;\"><h2 class=\"section-title\" style=\"color:#252525;\">Misija i vizija<\/h2><p><strong>Misija:<\/strong> TEENLIFTING je svetovna metoda z doma\u010dim podpisom. S konstantnimi inovacijami in izbolj\u0161avami metode \u017eelimo biti prvi izbor na\u0161ih strank za vzdr\u017eevanje mladostnega obraza in tonusa vseh mi\u0161ic telesa v kozmeti\u010dne in rehabilitacijske namene ter na zdrav na\u010din.<\/p>\n<p><strong>Vizija:<\/strong> TEENLIFTING je zgodba o mi\u0161icah, cilj pa nam je omogo\u010diti in ozavestiti vsako \u017eensko in mo\u0161kega po svetu, da na nareven in zdrav na\u010din s TEENLIFTING metodo ohrani svoj edinstveni izgled, lepoto in zdravje.<\/p>\n<p>Fran\u0161izo TEENLIFTING\u00ae je mo\u017eno kupiti v Republiki Hrva\u0161ki in v tujini. Trenutno obstajajo <strong>\u0161tiri TEENLIFTING centri<\/strong>, ki se nahajajo v Zagrebu, Splitu, Ljubljani in Beogradu.<\/p>\n<p>\n<\/div><\/div>\n<div class=\"section-full-width section-light-bg\" style=\"background-color:#f7f7f7;\" id=\"na\u0161iambasadorji\"><div class=\"section-boxed\" style=\"color:#373737;\"><h2 class=\"section-title\" style=\"color:#252525;\">Na\u0161i ambasadorji<\/h2><p>Uspeh same metode najbolj\u0161e ka\u017ee \u0161tevilo dolgoletnih strank, med katerimi so tudi slavne hrva\u0161ke in tuje osebe: Josipa Lisac, Rade \u0160erbed\u017eija, Ana Kari\u0107, Tarik Filipovi\u0107, Massimo Savi\u0107, Nina Violi\u0107, Linda Begonja, Almira Osmanovi\u0107, Zdenka Kova\u010di\u0107ek, Ksenija Marinkovi\u0107, Vesna Tominac Mata\u010di\u0107, \u017darko Savi\u0107, Andrej Dojki\u0107, Bruna Bebi\u0107, Tanja Deman, Zvezdana Mlakar, Tina Gorenjak, Maja Martina Merljak, Nata\u0161a Ninkovi\u0107, Dara D\u017eoki\u0107, Petra Bianco, Jelena Radan, Barbara Rocco, Ur\u0161a Raukar, \u017deljka Udovi\u010di\u0107, Hrvojka Begovi\u0107, Azamat Nabiullin, Edina Pli\u0107ani\u0107, Armand Assante in mnogi drugi.Tako je tudi elitni ameri\u0161ki \u010dasopis \u2018AS IF\u2019 TEENLIFTING\u00ae metodo uvrstil med \u0161est najboj\u0161ih naravnih neinvazivnih kozmeti\u010dnih metod!<\/p>\n<p>&nbsp;<\/p>\n<div class=\"services-wrapper services-fullbox cols-wrapper cols-4\" style=\"background-color:#f7f7f7;color:#777777;\"><div class=\"services-box col\"><div class=\"img-container\"><img decoding=\"async\" src=\"https:\/\/teenlifting.com.hr\/content\/uploads\/2017\/02\/zvezdana.jpg\" alt=\"ZVEZDANA MLAKAR,&lt;\/br&gt;Filmska in gledaliska igralka\"\/><\/div><div class=\"services-content\"><div class=\"sc-wraper\"><h3>ZVEZDANA MLAKAR,<\/br>Filmska in gledaliska igralka<\/h3><p><div class=\"accordion-container accordion-all-closed\">\r\n<div class=\"accordion-title\">Testimonial<span class=\"ac-indicator\"><\/span><\/div><div class=\"pane\">Ne morem si pomagati, moram deliti z vami! Pravkar sem videla svojo fotko izpred dveh let, shujsan, upadel obraz sem imela, o\u010di nekje globoko v jamicah...Potem sem za\u010dela hoditi na TEENLIFTING, ni\u010d umetnega, nobenih polnil in botoxa ni na meni. Globoke gube na \u010delu so se stanj\u0161ale, pa vendar so tam, tudi okrog o\u010di...Pa vendar je moj obraz svez, mehak, naraven.<div class=\"clear\"><\/div><\/div>\r\n<\/div><\/p><\/div><\/div><\/div><div class=\"services-box col\"><div class=\"img-container\"><img decoding=\"async\" src=\"https:\/\/teenlifting.com.hr\/content\/uploads\/2017\/02\/testimoniali_radni.jpg\" alt=\"MAJA MARTINA MERLJAK&lt;\/br&gt;Igralka\"\/><\/div><div class=\"services-content\"><div class=\"sc-wraper\"><h3>MAJA MARTINA MERLJAK<\/br>Igralka<\/h3><p><div class=\"accordion-container accordion-all-closed\">\r\n<div class=\"accordion-title\">Testimonial<span class=\"ac-indicator\"><\/span><\/div><div class=\"pane\">Na TEENLIFTING - Metodo dr. Sanje Malba\u0161a Go\u0161ovi\u0107, za vzdr\u017eevanje mladostnega, vitalnega videza prisegam zato, ker je preprosto logi\u010dna. \u010ce mi\u0161ice, kjerkoli na telesu, z vadbo krepi\u0161, bodo ohranile svojo primarno, mladostno obliko. Elektrostimulacija je metoda stara pribli\u017eno toliko kot elektrika, a niti ena od vseh elektrostimulativnih metod, ki so trenutno na tr\u017ei\u0161\u010du, nima nikakr\u0161ne zveze s Teenliftingom - sem preizkusila vse. Izjemna jakost, velikost ter prava oblika razli\u010dnih, za vsako skupino mi\u0161ic posebej prilagojenih neto\u010dkastih elektrod, izdelanih po dolgoletnih pikolovksih raziskavah in izku\u0161njah dr. Sanje Malba\u0161a Go\u0161ovi\u0107, zagotavljajo tako reko\u010d kiparsko obravnavo mi\u0161ic, ki ji enostavno ni para. Izklju\u010dno tak\u0161na obravnava pa prine\u0161a prave, vidne rezultate.<div class=\"clear\"><\/div><\/div>\r\n<\/div><\/p><\/div><\/div><\/div><div class=\"services-box col\"><div class=\"img-container\"><img decoding=\"async\" src=\"https:\/\/teenlifting.com.hr\/content\/uploads\/2017\/02\/tina-gorenjak.jpg\" alt=\"TINA GORENJAK&lt;\/br&gt;Igralka\"\/><\/div><div class=\"services-content\"><div class=\"sc-wraper\"><h3>TINA GORENJAK<\/br>Igralka<\/h3><p><div class=\"accordion-container accordion-all-closed\">\r\n<div class=\"accordion-title\">Testimonial<span class=\"ac-indicator\"><\/span><\/div><div class=\"pane\">Pred dvema letoma sem za\u010dela z nekaj zaporednimi tretmaji in guba je resni\u010dno izginila. Kot bi jo zlikali. S stimulacijo namre\u010d krepimo mi\u0161ice obraza, ki ponovno za\u010dnejo delati, postanejo napete in aktivne in tako napet in zglajen postane celoten obraz. Po vsakem nadaljnjem tretmaju sem vedno \u010dutila, kakor da je moj obraz kot majhen natreniran atlet, na katerem vsaka mi\u0161ica \u010dvrsto stoji na svojem mestu. Meni osebno je pomembno tudi to, da na tretmaje ni potrebno hoditi pogosto in redno. Efekt \u201eobraznega fitnesa\u201c se ne izgubi. Vsakokrat, ko pride\u0161 na \u201etrening\u201c, se mi\u0161ice samo ponovno okrepijo in celoten obraz je ponovno sve\u017e in mladosten.<div class=\"clear\"><\/div><\/div>\r\n<\/div><\/p><\/div><\/div><\/div><div class=\"services-box col nomargin\"><div class=\"img-container\"><img decoding=\"async\" src=\"https:\/\/teenlifting.com.hr\/content\/uploads\/2016\/12\/josipa_lisac.jpg\" alt=\"JOSIPA LISAC&lt;\/br&gt;Pevka\"\/><\/div><div class=\"services-content\"><div class=\"sc-wraper\"><h3>JOSIPA LISAC<\/br>Pevka<\/h3><p><div class=\"accordion-container accordion-all-closed\">\r\n<div class=\"accordion-title\">Testimonial<span class=\"ac-indicator\"><\/span><\/div><div class=\"pane\">Videti sem bolje kot pred 10 leti. Ko gledam svoje starej\u0161e fotografije, opa\u017eam, da je nekaj druga\u010de, ampak to niso leta!<div class=\"clear\"><\/div><\/div>\r\n<\/div><\/p><\/div><\/div><\/div><div class=\"services-box col nomargin\"><div class=\"img-container\"><img decoding=\"async\" src=\"https:\/\/teenlifting.com.hr\/content\/uploads\/2016\/12\/tarik_filipovic.jpg\" alt=\"TARIK FILIPOVI\u0106&lt;\/br&gt;Igralec in voditelj\"\/><\/div><div class=\"services-content\"><div class=\"sc-wraper\"><h3>TARIK FILIPOVI\u0106<\/br>Igralec in voditelj<\/h3><p><div class=\"accordion-container accordion-all-closed\">\r\n<div class=\"accordion-title\">Testimonial<span class=\"ac-indicator\"><\/span><\/div><div class=\"pane\">Navdu\u0161en sem nad metodo elektrostimulacije TEENLIFTING, ker govorimo o fitnesu obraza. Celo mi igralci, ki moramo imeti izrazno mimiko obraza, imamo probleme z gubami.<div class=\"clear\"><\/div><\/div>\r\n<\/div><\/p><\/div><\/div><\/div><div class=\"clear\"><\/div><\/div>\n<p>\n<\/div><\/div>\n","protected":false},"excerpt":{"rendered":"","protected":false},"author":3,"featured_media":0,"parent":0,"menu_order":6,"comment_status":"closed","ping_status":"closed","template":"template-full-custom.php","meta":{"om_disable_all_campaigns":false,"_monsterinsights_skip_tracking":false,"_monsterinsights_sitenote_active":false,"_monsterinsights_sitenote_note":"","_monsterinsights_sitenote_category":0,"_uf_show_specific_survey":0,"_uf_disable_surveys":false,"footnotes":""},"class_list":["post-1568","page","type-page","status-publish","hentry"],"aioseo_notices":[],"yoast_head":"<!-- This site is optimized with the Yoast SEO plugin v27.4 - https:\/\/yoast.com\/product\/yoast-seo-wordpress\/ -->\n<title>O nas - Teenlifting<\/title>\n<meta name=\"robots\" content=\"index, follow, max-snippet:-1, max-image-preview:large, max-video-preview:-1\" \/>\n<link rel=\"canonical\" href=\"https:\/\/mail.bell-stim.com\/sl\/o-nas\/\" \/>\n<meta property=\"og:locale\" content=\"sl_SI\" \/>\n<meta property=\"og:type\" content=\"article\" \/>\n<meta property=\"og:title\" content=\"O nas - Teenlifting\" \/>\n<meta property=\"og:url\" content=\"https:\/\/mail.bell-stim.com\/sl\/o-nas\/\" \/>\n<meta property=\"og:site_name\" content=\"Teenlifting\" \/>\n<meta property=\"article:modified_time\" content=\"2017-07-14T16:16:59+00:00\" \/>\n<meta property=\"og:image\" content=\"https:\/\/teenlifting.com.hr\/content\/uploads\/2016\/03\/sanja.jpg\" \/>\n<meta name=\"twitter:card\" content=\"summary_large_image\" \/>\n<meta name=\"twitter:label1\" content=\"Est. reading time\" \/>\n\t<meta name=\"twitter:data1\" content=\"4 minute\" \/>\n<script type=\"application\/ld+json\" class=\"yoast-schema-graph\">{\"@context\":\"https:\\\/\\\/schema.org\",\"@graph\":[{\"@type\":\"WebPage\",\"@id\":\"https:\\\/\\\/mail.bell-stim.com\\\/sl\\\/o-nas\\\/\",\"url\":\"https:\\\/\\\/mail.bell-stim.com\\\/sl\\\/o-nas\\\/\",\"name\":\"O nas - Teenlifting\",\"isPartOf\":{\"@id\":\"https:\\\/\\\/mail.bell-stim.com\\\/en\\\/#website\"},\"primaryImageOfPage\":{\"@id\":\"https:\\\/\\\/mail.bell-stim.com\\\/sl\\\/o-nas\\\/#primaryimage\"},\"image\":{\"@id\":\"https:\\\/\\\/mail.bell-stim.com\\\/sl\\\/o-nas\\\/#primaryimage\"},\"thumbnailUrl\":\"https:\\\/\\\/teenlifting.com.hr\\\/content\\\/uploads\\\/2016\\\/03\\\/sanja.jpg\",\"datePublished\":\"2017-01-29T20:11:19+00:00\",\"dateModified\":\"2017-07-14T16:16:59+00:00\",\"breadcrumb\":{\"@id\":\"https:\\\/\\\/mail.bell-stim.com\\\/sl\\\/o-nas\\\/#breadcrumb\"},\"inLanguage\":\"sl-SI\",\"potentialAction\":[{\"@type\":\"ReadAction\",\"target\":[\"https:\\\/\\\/mail.bell-stim.com\\\/sl\\\/o-nas\\\/\"]}]},{\"@type\":\"ImageObject\",\"inLanguage\":\"sl-SI\",\"@id\":\"https:\\\/\\\/mail.bell-stim.com\\\/sl\\\/o-nas\\\/#primaryimage\",\"url\":\"https:\\\/\\\/teenlifting.com.hr\\\/content\\\/uploads\\\/2016\\\/03\\\/sanja.jpg\",\"contentUrl\":\"https:\\\/\\\/teenlifting.com.hr\\\/content\\\/uploads\\\/2016\\\/03\\\/sanja.jpg\"},{\"@type\":\"BreadcrumbList\",\"@id\":\"https:\\\/\\\/mail.bell-stim.com\\\/sl\\\/o-nas\\\/#breadcrumb\",\"itemListElement\":[{\"@type\":\"ListItem\",\"position\":1,\"name\":\"Po\u010detna stranica\",\"item\":\"https:\\\/\\\/mail.bell-stim.com\\\/sl\\\/\"},{\"@type\":\"ListItem\",\"position\":2,\"name\":\"O nas\"}]},{\"@type\":\"WebSite\",\"@id\":\"https:\\\/\\\/mail.bell-stim.com\\\/en\\\/#website\",\"url\":\"https:\\\/\\\/mail.bell-stim.com\\\/en\\\/\",\"name\":\"Teenlifting\",\"description\":\"Aktiviraj, ne plastificiraj!\",\"potentialAction\":[{\"@type\":\"SearchAction\",\"target\":{\"@type\":\"EntryPoint\",\"urlTemplate\":\"https:\\\/\\\/mail.bell-stim.com\\\/en\\\/?s={search_term_string}\"},\"query-input\":{\"@type\":\"PropertyValueSpecification\",\"valueRequired\":true,\"valueName\":\"search_term_string\"}}],\"inLanguage\":\"sl-SI\"}]}<\/script>\n<!-- \/ Yoast SEO plugin. -->","yoast_head_json":{"title":"O nas - Teenlifting","robots":{"index":"index","follow":"follow","max-snippet":"max-snippet:-1","max-image-preview":"max-image-preview:large","max-video-preview":"max-video-preview:-1"},"canonical":"https:\/\/mail.bell-stim.com\/sl\/o-nas\/","og_locale":"sl_SI","og_type":"article","og_title":"O nas - Teenlifting","og_url":"https:\/\/mail.bell-stim.com\/sl\/o-nas\/","og_site_name":"Teenlifting","article_modified_time":"2017-07-14T16:16:59+00:00","og_image":[{"url":"https:\/\/teenlifting.com.hr\/content\/uploads\/2016\/03\/sanja.jpg","type":"","width":"","height":""}],"twitter_card":"summary_large_image","twitter_misc":{"Est. reading time":"4 minute"},"schema":{"@context":"https:\/\/schema.org","@graph":[{"@type":"WebPage","@id":"https:\/\/mail.bell-stim.com\/sl\/o-nas\/","url":"https:\/\/mail.bell-stim.com\/sl\/o-nas\/","name":"O nas - Teenlifting","isPartOf":{"@id":"https:\/\/mail.bell-stim.com\/en\/#website"},"primaryImageOfPage":{"@id":"https:\/\/mail.bell-stim.com\/sl\/o-nas\/#primaryimage"},"image":{"@id":"https:\/\/mail.bell-stim.com\/sl\/o-nas\/#primaryimage"},"thumbnailUrl":"https:\/\/teenlifting.com.hr\/content\/uploads\/2016\/03\/sanja.jpg","datePublished":"2017-01-29T20:11:19+00:00","dateModified":"2017-07-14T16:16:59+00:00","breadcrumb":{"@id":"https:\/\/mail.bell-stim.com\/sl\/o-nas\/#breadcrumb"},"inLanguage":"sl-SI","potentialAction":[{"@type":"ReadAction","target":["https:\/\/mail.bell-stim.com\/sl\/o-nas\/"]}]},{"@type":"ImageObject","inLanguage":"sl-SI","@id":"https:\/\/mail.bell-stim.com\/sl\/o-nas\/#primaryimage","url":"https:\/\/teenlifting.com.hr\/content\/uploads\/2016\/03\/sanja.jpg","contentUrl":"https:\/\/teenlifting.com.hr\/content\/uploads\/2016\/03\/sanja.jpg"},{"@type":"BreadcrumbList","@id":"https:\/\/mail.bell-stim.com\/sl\/o-nas\/#breadcrumb","itemListElement":[{"@type":"ListItem","position":1,"name":"Po\u010detna stranica","item":"https:\/\/mail.bell-stim.com\/sl\/"},{"@type":"ListItem","position":2,"name":"O nas"}]},{"@type":"WebSite","@id":"https:\/\/mail.bell-stim.com\/en\/#website","url":"https:\/\/mail.bell-stim.com\/en\/","name":"Teenlifting","description":"Aktiviraj, ne plastificiraj!","potentialAction":[{"@type":"SearchAction","target":{"@type":"EntryPoint","urlTemplate":"https:\/\/mail.bell-stim.com\/en\/?s={search_term_string}"},"query-input":{"@type":"PropertyValueSpecification","valueRequired":true,"valueName":"search_term_string"}}],"inLanguage":"sl-SI"}]}},"_links":{"self":[{"href":"https:\/\/mail.bell-stim.com\/sl\/wp-json\/wp\/v2\/pages\/1568","targetHints":{"allow":["GET"]}}],"collection":[{"href":"https:\/\/mail.bell-stim.com\/sl\/wp-json\/wp\/v2\/pages"}],"about":[{"href":"https:\/\/mail.bell-stim.com\/sl\/wp-json\/wp\/v2\/types\/page"}],"author":[{"embeddable":true,"href":"https:\/\/mail.bell-stim.com\/sl\/wp-json\/wp\/v2\/users\/3"}],"replies":[{"embeddable":true,"href":"https:\/\/mail.bell-stim.com\/sl\/wp-json\/wp\/v2\/comments?post=1568"}],"version-history":[{"count":21,"href":"https:\/\/mail.bell-stim.com\/sl\/wp-json\/wp\/v2\/pages\/1568\/revisions"}],"predecessor-version":[{"id":1879,"href":"https:\/\/mail.bell-stim.com\/sl\/wp-json\/wp\/v2\/pages\/1568\/revisions\/1879"}],"wp:attachment":[{"href":"https:\/\/mail.bell-stim.com\/sl\/wp-json\/wp\/v2\/media?parent=1568"}],"curies":[{"name":"wp","href":"https:\/\/api.w.org\/{rel}","templated":true}]}}